{"id":10,"date":"2024-03-14T10:57:43","date_gmt":"2024-03-14T10:57:43","guid":{"rendered":"https:\/\/puertaaeuropa.com\/?page_id=10"},"modified":"2025-09-18T11:48:55","modified_gmt":"2025-09-18T10:48:55","slug":"quienes-somos","status":"publish","type":"page","link":"https:\/\/puertaaeuropa.com\/","title":{"rendered":"Quienes somos"},"content":{"rendered":"\n<figure class=\"wp-block-image size-full\"><img loading=\"lazy\" decoding=\"async\" width=\"657\" height=\"185\" src=\"https:\/\/puertaaeuropa.com\/wp-content\/uploads\/2025\/09\/banderola-puerta-a-europa.jpg\" alt=\"\" class=\"wp-image-254\" srcset=\"https:\/\/puertaaeuropa.com\/wp-content\/uploads\/2025\/09\/banderola-puerta-a-europa.jpg 657w, https:\/\/puertaaeuropa.com\/wp-content\/uploads\/2025\/09\/banderola-puerta-a-europa-300x84.jpg 300w\" sizes=\"auto, (max-width: 657px) 100vw, 657px\" \/><\/figure>\n\n\n\n<p class=\"has-text-align-center\"><strong>Movilidad acad\u00e9mica y profesional para j\u00f3venes<\/strong><br><strong>hispanoamericanos, al estilo Erasmus.<\/strong><\/p>\n\n\n\n<figure class=\"wp-block-image size-full\"><img loading=\"lazy\" decoding=\"async\" width=\"800\" height=\"534\" src=\"https:\/\/puertaaeuropa.com\/wp-content\/uploads\/2025\/09\/medica.jpg\" alt=\"\" class=\"wp-image-274\" srcset=\"https:\/\/puertaaeuropa.com\/wp-content\/uploads\/2025\/09\/medica.jpg 800w, https:\/\/puertaaeuropa.com\/wp-content\/uploads\/2025\/09\/medica-300x200.jpg 300w, https:\/\/puertaaeuropa.com\/wp-content\/uploads\/2025\/09\/medica-768x513.jpg 768w\" sizes=\"auto, (max-width: 800px) 100vw, 800px\" \/><\/figure>\n\n\n\n<figure class=\"wp-block-table\"><table class=\"has-fixed-layout\"><tbody><tr><td><img loading=\"lazy\" decoding=\"async\" width=\"300\" height=\"89\" class=\"wp-image-275\" style=\"width: 300px;\" src=\"https:\/\/puertaaeuropa.com\/wp-content\/uploads\/2025\/09\/universitas-iberoamerica-logo.png\" alt=\"\" srcset=\"https:\/\/puertaaeuropa.com\/wp-content\/uploads\/2025\/09\/universitas-iberoamerica-logo.png 681w, https:\/\/puertaaeuropa.com\/wp-content\/uploads\/2025\/09\/universitas-iberoamerica-logo-300x89.png 300w\" sizes=\"auto, (max-width: 300px) 100vw, 300px\" \/><br><img decoding=\"async\" width=\"auto\" height=\"auto\" src=\"\"><img decoding=\"async\" width=\"auto\" height=\"auto\" src=\"\"><\/td><td><em><strong>Asociaci\u00f3n Universitaria Hispanoamericana de Postgrado, Formaci\u00f3n Profesional y Pr\u00e1cticas Empresariales.<\/strong><\/em><br><\/td><\/tr><\/tbody><\/table><\/figure>\n\n\n\n<p><strong>Puerta a Europa+ <\/strong>es una acci\u00f3n educativa iberoamericana inspirada en el Programa Erasmus de la Uni\u00f3n Europea, dise\u00f1ada para fomentar la movilidad y la cooperaci\u00f3n en los \u00e1mbitos de la educaci\u00f3n, la formaci\u00f3n, la juventud y el deporte.<\/p>\n\n\n\n<p>Se trata de una iniciativa de Universitas Iberoam\u00e9rica (UI), concebida con el objetivo de facilitar al talento iberoamericano su acceso a Europa a trav\u00e9s de Espa\u00f1a. Se pretende que \u201cPuerta a Europa+\u201d se consolide como un aut\u00e9ntico \u201cErasmus para Iberoam\u00e9rica\u201d, promoviendo la excelencia acad\u00e9mica y la integraci\u00f3n cultural. Asimismo, se contempla la posibilidad de denominar el proyecto \u201cAndr\u00e9s Bello+\u201d, en homenaje a uno de los m\u00e1s destacados humanistas e intelectuales hispanoamericanos, con la idea de que, una vez consolidado y difundido, pueda adoptar esta denominaci\u00f3n para reforzar la identidad acad\u00e9mica y cultural hispana.<\/p>\n\n\n\n<p>Ofrecemos un <strong>Campus Universitario con formaci\u00f3n de calidad<\/strong>, eliminamos barreras burocr\u00e1ticas y generamos oportunidades acad\u00e9micas, profesionales y empresariales que trascienden fronteras.<\/p>\n\n\n\n<p>Nos encargamos de lo esencial: homologaci\u00f3n de t\u00edtulos, asesor\u00eda acad\u00e9mica legal y en visados, para que tu movilidad internacional y laboral sea una realidad. Adem\u00e1s, te conectamos con universidades y programas de doble titulaci\u00f3n entre Espa\u00f1a e Iberoam\u00e9rica, para que tu carrera no tenga l\u00edmites.<\/p>\n\n\n\n<p>Gracias al convenio con el Campus Universitario Iberoamericano, donde IUNIT \u2014centro adscrito a la Universidad Rey Juan Carlos\u2014 imparte y titula los cursos de Direcci\u00f3n de Empresas y maestr\u00edas en modalidades presencial, online y sincr\u00f3nica, tu formaci\u00f3n se adapta a ti, est\u00e9s donde est\u00e9s en Iberoam\u00e9rica.<\/p>\n\n\n\n<p>En Universitas Iberoam\u00e9rica (UI), transformamos tu talento en oportunidades concretas.<\/p>\n\n\n\n<p>Tu futuro internacional comienza hoy.<\/p>\n\n\n\n<p>Abre tu futuro, abre la puerta en Europa!!!!!<\/p>\n\n\n\n<figure class=\"wp-block-image size-large\"><img loading=\"lazy\" decoding=\"async\" width=\"1024\" height=\"681\" src=\"https:\/\/puertaaeuropa.com\/wp-content\/uploads\/2025\/09\/puerta-a-europa-plus-1024x681.jpg\" alt=\"\" class=\"wp-image-276\" srcset=\"https:\/\/puertaaeuropa.com\/wp-content\/uploads\/2025\/09\/puerta-a-europa-plus-1024x681.jpg 1024w, https:\/\/puertaaeuropa.com\/wp-content\/uploads\/2025\/09\/puerta-a-europa-plus-300x199.jpg 300w, https:\/\/puertaaeuropa.com\/wp-content\/uploads\/2025\/09\/puerta-a-europa-plus-768x510.jpg 768w, https:\/\/puertaaeuropa.com\/wp-content\/uploads\/2025\/09\/puerta-a-europa-plus.jpg 1300w\" sizes=\"auto, (max-width: 1024px) 100vw, 1024px\" \/><\/figure>\n\n\n\n<p><\/p>\n","protected":false},"excerpt":{"rendered":"<p>Movilidad acad\u00e9mica y profesional para j\u00f3veneshispanoamericanos, al estilo Erasmus. Asociaci\u00f3n Universitaria Hispanoamericana de Postgrado, Formaci\u00f3n Profesional y Pr\u00e1cticas Empresariales. Puerta a Europa+ es una acci\u00f3n educativa iberoamericana inspirada en el Programa Erasmus de la Uni\u00f3n Europea, dise\u00f1ada para fomentar la movilidad y la cooperaci\u00f3n en los \u00e1mbitos de la educaci\u00f3n, la formaci\u00f3n, la juventud y [&hellip;]<\/p>\n","protected":false},"author":1,"featured_media":0,"parent":0,"menu_order":0,"comment_status":"closed","ping_status":"closed","template":"","meta":{"footnotes":""},"class_list":["post-10","page","type-page","status-publish","hentry"],"yoast_head":"<!-- This site is optimized with the Yoast SEO plugin v27.4 - https:\/\/yoast.com\/product\/yoast-seo-wordpress\/ -->\n<title>Quienes somos - Puerta a Europa<\/title>\n<meta name=\"robots\" content=\"index, follow, max-snippet:-1, max-image-preview:large, max-video-preview:-1\" \/>\n<link rel=\"canonical\" href=\"https:\/\/puertaaeuropa.com\/\" \/>\n<meta property=\"og:locale\" content=\"es_ES\" \/>\n<meta property=\"og:type\" content=\"article\" \/>\n<meta property=\"og:title\" content=\"Quienes somos - Puerta a Europa\" \/>\n<meta property=\"og:description\" content=\"Movilidad acad\u00e9mica y profesional para j\u00f3veneshispanoamericanos, al estilo Erasmus. Asociaci\u00f3n Universitaria Hispanoamericana de Postgrado, Formaci\u00f3n Profesional y Pr\u00e1cticas Empresariales. Puerta a Europa+ es una acci\u00f3n educativa iberoamericana inspirada en el Programa Erasmus de la Uni\u00f3n Europea, dise\u00f1ada para fomentar la movilidad y la cooperaci\u00f3n en los \u00e1mbitos de la educaci\u00f3n, la formaci\u00f3n, la juventud y [&hellip;]\" \/>\n<meta property=\"og:url\" content=\"https:\/\/puertaaeuropa.com\/\" \/>\n<meta property=\"og:site_name\" content=\"Puerta a Europa\" \/>\n<meta property=\"article:modified_time\" content=\"2025-09-18T10:48:55+00:00\" \/>\n<meta property=\"og:image\" content=\"https:\/\/puertaaeuropa.com\/wp-content\/uploads\/2025\/09\/banderola-puerta-a-europa.jpg\" \/>\n\t<meta property=\"og:image:width\" content=\"657\" \/>\n\t<meta property=\"og:image:height\" content=\"185\" \/>\n\t<meta property=\"og:image:type\" content=\"image\/jpeg\" \/>\n<meta name=\"twitter:card\" content=\"summary_large_image\" \/>\n<meta name=\"twitter:label1\" content=\"Tiempo de lectura\" \/>\n\t<meta name=\"twitter:data1\" content=\"3 minutos\" \/>\n<script type=\"application\/ld+json\" class=\"yoast-schema-graph\">{\"@context\":\"https:\\\/\\\/schema.org\",\"@graph\":[{\"@type\":\"WebPage\",\"@id\":\"https:\\\/\\\/puertaaeuropa.com\\\/\",\"url\":\"https:\\\/\\\/puertaaeuropa.com\\\/\",\"name\":\"Quienes somos - Puerta a Europa\",\"isPartOf\":{\"@id\":\"https:\\\/\\\/puertaaeuropa.com\\\/#website\"},\"primaryImageOfPage\":{\"@id\":\"https:\\\/\\\/puertaaeuropa.com\\\/#primaryimage\"},\"image\":{\"@id\":\"https:\\\/\\\/puertaaeuropa.com\\\/#primaryimage\"},\"thumbnailUrl\":\"https:\\\/\\\/puertaaeuropa.com\\\/wp-content\\\/uploads\\\/2025\\\/09\\\/banderola-puerta-a-europa.jpg\",\"datePublished\":\"2024-03-14T10:57:43+00:00\",\"dateModified\":\"2025-09-18T10:48:55+00:00\",\"breadcrumb\":{\"@id\":\"https:\\\/\\\/puertaaeuropa.com\\\/#breadcrumb\"},\"inLanguage\":\"es\",\"potentialAction\":[{\"@type\":\"ReadAction\",\"target\":[\"https:\\\/\\\/puertaaeuropa.com\\\/\"]}]},{\"@type\":\"ImageObject\",\"inLanguage\":\"es\",\"@id\":\"https:\\\/\\\/puertaaeuropa.com\\\/#primaryimage\",\"url\":\"https:\\\/\\\/puertaaeuropa.com\\\/wp-content\\\/uploads\\\/2025\\\/09\\\/banderola-puerta-a-europa.jpg\",\"contentUrl\":\"https:\\\/\\\/puertaaeuropa.com\\\/wp-content\\\/uploads\\\/2025\\\/09\\\/banderola-puerta-a-europa.jpg\",\"width\":657,\"height\":185},{\"@type\":\"BreadcrumbList\",\"@id\":\"https:\\\/\\\/puertaaeuropa.com\\\/#breadcrumb\",\"itemListElement\":[{\"@type\":\"ListItem\",\"position\":1,\"name\":\"Portada\",\"item\":\"https:\\\/\\\/puertaaeuropa.com\\\/\"},{\"@type\":\"ListItem\",\"position\":2,\"name\":\"Quienes somos\"}]},{\"@type\":\"WebSite\",\"@id\":\"https:\\\/\\\/puertaaeuropa.com\\\/#website\",\"url\":\"https:\\\/\\\/puertaaeuropa.com\\\/\",\"name\":\"Puerta a Europa\",\"description\":\"Movilidad acad&eacute;mica y profesional para Iberoam&eacute;rica, al estilo del programa Erasmus\",\"publisher\":{\"@id\":\"https:\\\/\\\/puertaaeuropa.com\\\/#organization\"},\"potentialAction\":[{\"@type\":\"SearchAction\",\"target\":{\"@type\":\"EntryPoint\",\"urlTemplate\":\"https:\\\/\\\/puertaaeuropa.com\\\/?s={search_term_string}\"},\"query-input\":{\"@type\":\"PropertyValueSpecification\",\"valueRequired\":true,\"valueName\":\"search_term_string\"}}],\"inLanguage\":\"es\"},{\"@type\":\"Organization\",\"@id\":\"https:\\\/\\\/puertaaeuropa.com\\\/#organization\",\"name\":\"Puerta a Europa\",\"url\":\"https:\\\/\\\/puertaaeuropa.com\\\/\",\"logo\":{\"@type\":\"ImageObject\",\"inLanguage\":\"es\",\"@id\":\"https:\\\/\\\/puertaaeuropa.com\\\/#\\\/schema\\\/logo\\\/image\\\/\",\"url\":\"https:\\\/\\\/puertaaeuropa.com\\\/wp-content\\\/uploads\\\/2024\\\/05\\\/logo-puerta-a-europa-peque-1.jpeg\",\"contentUrl\":\"https:\\\/\\\/puertaaeuropa.com\\\/wp-content\\\/uploads\\\/2024\\\/05\\\/logo-puerta-a-europa-peque-1.jpeg\",\"width\":504,\"height\":441,\"caption\":\"Puerta a Europa\"},\"image\":{\"@id\":\"https:\\\/\\\/puertaaeuropa.com\\\/#\\\/schema\\\/logo\\\/image\\\/\"}}]}<\/script>\n<!-- \/ Yoast SEO plugin. -->","yoast_head_json":{"title":"Quienes somos - Puerta a Europa","robots":{"index":"index","follow":"follow","max-snippet":"max-snippet:-1","max-image-preview":"max-image-preview:large","max-video-preview":"max-video-preview:-1"},"canonical":"https:\/\/puertaaeuropa.com\/","og_locale":"es_ES","og_type":"article","og_title":"Quienes somos - Puerta a Europa","og_description":"Movilidad acad\u00e9mica y profesional para j\u00f3veneshispanoamericanos, al estilo Erasmus. Asociaci\u00f3n Universitaria Hispanoamericana de Postgrado, Formaci\u00f3n Profesional y Pr\u00e1cticas Empresariales. Puerta a Europa+ es una acci\u00f3n educativa iberoamericana inspirada en el Programa Erasmus de la Uni\u00f3n Europea, dise\u00f1ada para fomentar la movilidad y la cooperaci\u00f3n en los \u00e1mbitos de la educaci\u00f3n, la formaci\u00f3n, la juventud y [&hellip;]","og_url":"https:\/\/puertaaeuropa.com\/","og_site_name":"Puerta a Europa","article_modified_time":"2025-09-18T10:48:55+00:00","og_image":[{"width":657,"height":185,"url":"https:\/\/puertaaeuropa.com\/wp-content\/uploads\/2025\/09\/banderola-puerta-a-europa.jpg","type":"image\/jpeg"}],"twitter_card":"summary_large_image","twitter_misc":{"Tiempo de lectura":"3 minutos"},"schema":{"@context":"https:\/\/schema.org","@graph":[{"@type":"WebPage","@id":"https:\/\/puertaaeuropa.com\/","url":"https:\/\/puertaaeuropa.com\/","name":"Quienes somos - Puerta a Europa","isPartOf":{"@id":"https:\/\/puertaaeuropa.com\/#website"},"primaryImageOfPage":{"@id":"https:\/\/puertaaeuropa.com\/#primaryimage"},"image":{"@id":"https:\/\/puertaaeuropa.com\/#primaryimage"},"thumbnailUrl":"https:\/\/puertaaeuropa.com\/wp-content\/uploads\/2025\/09\/banderola-puerta-a-europa.jpg","datePublished":"2024-03-14T10:57:43+00:00","dateModified":"2025-09-18T10:48:55+00:00","breadcrumb":{"@id":"https:\/\/puertaaeuropa.com\/#breadcrumb"},"inLanguage":"es","potentialAction":[{"@type":"ReadAction","target":["https:\/\/puertaaeuropa.com\/"]}]},{"@type":"ImageObject","inLanguage":"es","@id":"https:\/\/puertaaeuropa.com\/#primaryimage","url":"https:\/\/puertaaeuropa.com\/wp-content\/uploads\/2025\/09\/banderola-puerta-a-europa.jpg","contentUrl":"https:\/\/puertaaeuropa.com\/wp-content\/uploads\/2025\/09\/banderola-puerta-a-europa.jpg","width":657,"height":185},{"@type":"BreadcrumbList","@id":"https:\/\/puertaaeuropa.com\/#breadcrumb","itemListElement":[{"@type":"ListItem","position":1,"name":"Portada","item":"https:\/\/puertaaeuropa.com\/"},{"@type":"ListItem","position":2,"name":"Quienes somos"}]},{"@type":"WebSite","@id":"https:\/\/puertaaeuropa.com\/#website","url":"https:\/\/puertaaeuropa.com\/","name":"Puerta a Europa","description":"Movilidad acad&eacute;mica y profesional para Iberoam&eacute;rica, al estilo del programa Erasmus","publisher":{"@id":"https:\/\/puertaaeuropa.com\/#organization"},"potentialAction":[{"@type":"SearchAction","target":{"@type":"EntryPoint","urlTemplate":"https:\/\/puertaaeuropa.com\/?s={search_term_string}"},"query-input":{"@type":"PropertyValueSpecification","valueRequired":true,"valueName":"search_term_string"}}],"inLanguage":"es"},{"@type":"Organization","@id":"https:\/\/puertaaeuropa.com\/#organization","name":"Puerta a Europa","url":"https:\/\/puertaaeuropa.com\/","logo":{"@type":"ImageObject","inLanguage":"es","@id":"https:\/\/puertaaeuropa.com\/#\/schema\/logo\/image\/","url":"https:\/\/puertaaeuropa.com\/wp-content\/uploads\/2024\/05\/logo-puerta-a-europa-peque-1.jpeg","contentUrl":"https:\/\/puertaaeuropa.com\/wp-content\/uploads\/2024\/05\/logo-puerta-a-europa-peque-1.jpeg","width":504,"height":441,"caption":"Puerta a Europa"},"image":{"@id":"https:\/\/puertaaeuropa.com\/#\/schema\/logo\/image\/"}}]}},"jetpack_sharing_enabled":true,"_links":{"self":[{"href":"https:\/\/puertaaeuropa.com\/index.php\/wp-json\/wp\/v2\/pages\/10","targetHints":{"allow":["GET"]}}],"collection":[{"href":"https:\/\/puertaaeuropa.com\/index.php\/wp-json\/wp\/v2\/pages"}],"about":[{"href":"https:\/\/puertaaeuropa.com\/index.php\/wp-json\/wp\/v2\/types\/page"}],"author":[{"embeddable":true,"href":"https:\/\/puertaaeuropa.com\/index.php\/wp-json\/wp\/v2\/users\/1"}],"replies":[{"embeddable":true,"href":"https:\/\/puertaaeuropa.com\/index.php\/wp-json\/wp\/v2\/comments?post=10"}],"version-history":[{"count":21,"href":"https:\/\/puertaaeuropa.com\/index.php\/wp-json\/wp\/v2\/pages\/10\/revisions"}],"predecessor-version":[{"id":319,"href":"https:\/\/puertaaeuropa.com\/index.php\/wp-json\/wp\/v2\/pages\/10\/revisions\/319"}],"wp:attachment":[{"href":"https:\/\/puertaaeuropa.com\/index.php\/wp-json\/wp\/v2\/media?parent=10"}],"curies":[{"name":"wp","href":"https:\/\/api.w.org\/{rel}","templated":true}]}}