{"id":278,"date":"2025-09-10T14:18:58","date_gmt":"2025-09-10T13:18:58","guid":{"rendered":"https:\/\/puertaaeuropa.com\/?page_id=278"},"modified":"2025-09-10T15:15:53","modified_gmt":"2025-09-10T14:15:53","slug":"que-hacemos","status":"publish","type":"page","link":"https:\/\/puertaaeuropa.com\/index.php\/que-hacemos\/","title":{"rendered":"Qu\u00e9 hacemos"},"content":{"rendered":"\n<figure class=\"wp-block-image size-full\"><img loading=\"lazy\" decoding=\"async\" width=\"657\" height=\"185\" src=\"https:\/\/puertaaeuropa.com\/wp-content\/uploads\/2025\/09\/banderola-puerta-a-europa.jpg\" alt=\"\" class=\"wp-image-254\" srcset=\"https:\/\/puertaaeuropa.com\/wp-content\/uploads\/2025\/09\/banderola-puerta-a-europa.jpg 657w, https:\/\/puertaaeuropa.com\/wp-content\/uploads\/2025\/09\/banderola-puerta-a-europa-300x84.jpg 300w\" sizes=\"auto, (max-width: 657px) 100vw, 657px\" \/><\/figure>\n\n\n\n<p>En <strong>Universitas Iberoam\u00e9rica (UI)<\/strong>, hacemos que sea posible tu movilidad acad\u00e9mica y profesional en Espa\u00f1a. Nos ocupamos de los aspectos esenciales para que tu talento cruce fronteras sin obst\u00e1culos:<\/p>\n\n\n\n<ul class=\"wp-block-list\">\n<li><strong>Homologaci\u00f3n de t\u00edtulos:<\/strong> Gestionamos y acompa\u00f1amos todos los tr\u00e1mites necesarios para que tus estudios sean reconocidos en Espa\u00f1a y en Europa.<\/li>\n\n\n\n<li><strong>Asesor\u00eda acad\u00e9mica y legal:<\/strong> Orientamos tu trayectoria educativa y profesional, asegurando el cumplimiento de los requisitos normativos y administrativos para que puedas matricularte en una Universidad o en un Centro de Formaci\u00f3n Profesional en Espa\u00f1a.<\/li>\n\n\n\n<li><strong>Gesti\u00f3n de visados:<\/strong> Facilitamos los procedimientos necesarios para que tu traslado y estancia en Espa\u00f1a sean seguros y eficientes.<\/li>\n\n\n\n<li><strong>Conexi\u00f3n con universidades:<\/strong> Te vinculamos con programas de doble titulaci\u00f3n y formaci\u00f3n avanzada, adaptados a tus necesidades y a tu ubicaci\u00f3n en Iberoam\u00e9rica.<\/li>\n\n\n\n<li><strong>Acceso a formaci\u00f3n flexible y de calidad:<\/strong> A trav\u00e9s de los convenios suscritos, podr\u00e1s acceder al Campus Universitario Iberoamericano de Madrid y a otras instituciones, con el fin de cursar programas de grado, maestr\u00edas y de Direcci\u00f3n de empresas en modalidad presencial, online o sincr\u00f3nica, con la posibilidad de becas o reducci\u00f3n de matr\u00edculas.<\/li>\n\n\n\n<li><strong>Disponemos de una bolsa de empleo:<\/strong> Mediante la cual los profesionales, estudiantes y dem\u00e1s personas hispanoamericanas pueden acceder a las ofertas de las empresas espa\u00f1olas interesadas en contratar trabajadores. Esta bolsa se limita a facilitar el contacto entre las partes, sin que Universitas Iberoam\u00e9rica (UI) intervenga en los procesos de selecci\u00f3n ni asuma responsabilidad en la contrataci\u00f3n.<\/li>\n<\/ul>\n\n\n\n<p>Con todo ello, transformamos tu talento en oportunidades concretas, de modo que tu carrera acad\u00e9mica y profesional no tenga l\u00edmites. Por este motivo, hemos desarrollado el programa para estudiantes hispanoamericanos denominado \u201cPuerta a Europa+\u201d.<\/p>\n\n\n\n<figure class=\"wp-block-image size-full\"><img loading=\"lazy\" decoding=\"async\" width=\"800\" height=\"418\" src=\"https:\/\/puertaaeuropa.com\/wp-content\/uploads\/2025\/09\/estudiantes.jpg\" alt=\"\" class=\"wp-image-282\" srcset=\"https:\/\/puertaaeuropa.com\/wp-content\/uploads\/2025\/09\/estudiantes.jpg 800w, https:\/\/puertaaeuropa.com\/wp-content\/uploads\/2025\/09\/estudiantes-300x157.jpg 300w, https:\/\/puertaaeuropa.com\/wp-content\/uploads\/2025\/09\/estudiantes-768x401.jpg 768w\" sizes=\"auto, (max-width: 800px) 100vw, 800px\" \/><\/figure>\n","protected":false},"excerpt":{"rendered":"<p>En Universitas Iberoam\u00e9rica (UI), hacemos que sea posible tu movilidad acad\u00e9mica y profesional en Espa\u00f1a. Nos ocupamos de los aspectos esenciales para que tu talento cruce fronteras sin obst\u00e1culos: Con todo ello, transformamos tu talento en oportunidades concretas, de modo que tu carrera acad\u00e9mica y profesional no tenga l\u00edmites. Por este motivo, hemos desarrollado el [&hellip;]<\/p>\n","protected":false},"author":1,"featured_media":0,"parent":0,"menu_order":0,"comment_status":"closed","ping_status":"closed","template":"","meta":{"footnotes":""},"class_list":["post-278","page","type-page","status-publish","hentry"],"yoast_head":"<!-- This site is optimized with the Yoast SEO plugin v27.4 - https:\/\/yoast.com\/product\/yoast-seo-wordpress\/ -->\n<title>Qu\u00e9 hacemos - Puerta a Europa<\/title>\n<meta name=\"robots\" content=\"index, follow, max-snippet:-1, max-image-preview:large, max-video-preview:-1\" \/>\n<link rel=\"canonical\" href=\"https:\/\/puertaaeuropa.com\/index.php\/que-hacemos\/\" \/>\n<meta property=\"og:locale\" content=\"es_ES\" \/>\n<meta property=\"og:type\" content=\"article\" \/>\n<meta property=\"og:title\" content=\"Qu\u00e9 hacemos - Puerta a Europa\" \/>\n<meta property=\"og:description\" content=\"En Universitas Iberoam\u00e9rica (UI), hacemos que sea posible tu movilidad acad\u00e9mica y profesional en Espa\u00f1a. Nos ocupamos de los aspectos esenciales para que tu talento cruce fronteras sin obst\u00e1culos: Con todo ello, transformamos tu talento en oportunidades concretas, de modo que tu carrera acad\u00e9mica y profesional no tenga l\u00edmites. Por este motivo, hemos desarrollado el [&hellip;]\" \/>\n<meta property=\"og:url\" content=\"https:\/\/puertaaeuropa.com\/index.php\/que-hacemos\/\" \/>\n<meta property=\"og:site_name\" content=\"Puerta a Europa\" \/>\n<meta property=\"article:modified_time\" content=\"2025-09-10T14:15:53+00:00\" \/>\n<meta property=\"og:image\" content=\"https:\/\/puertaaeuropa.com\/wp-content\/uploads\/2025\/09\/banderola-puerta-a-europa.jpg\" \/>\n\t<meta property=\"og:image:width\" content=\"657\" \/>\n\t<meta property=\"og:image:height\" content=\"185\" \/>\n\t<meta property=\"og:image:type\" content=\"image\/jpeg\" \/>\n<meta name=\"twitter:card\" content=\"summary_large_image\" \/>\n<meta name=\"twitter:label1\" content=\"Tiempo de lectura\" \/>\n\t<meta name=\"twitter:data1\" content=\"2 minutos\" \/>\n<script type=\"application\/ld+json\" class=\"yoast-schema-graph\">{\"@context\":\"https:\\\/\\\/schema.org\",\"@graph\":[{\"@type\":\"WebPage\",\"@id\":\"https:\\\/\\\/puertaaeuropa.com\\\/index.php\\\/que-hacemos\\\/\",\"url\":\"https:\\\/\\\/puertaaeuropa.com\\\/index.php\\\/que-hacemos\\\/\",\"name\":\"Qu\u00e9 hacemos - Puerta a Europa\",\"isPartOf\":{\"@id\":\"https:\\\/\\\/puertaaeuropa.com\\\/#website\"},\"primaryImageOfPage\":{\"@id\":\"https:\\\/\\\/puertaaeuropa.com\\\/index.php\\\/que-hacemos\\\/#primaryimage\"},\"image\":{\"@id\":\"https:\\\/\\\/puertaaeuropa.com\\\/index.php\\\/que-hacemos\\\/#primaryimage\"},\"thumbnailUrl\":\"https:\\\/\\\/puertaaeuropa.com\\\/wp-content\\\/uploads\\\/2025\\\/09\\\/banderola-puerta-a-europa.jpg\",\"datePublished\":\"2025-09-10T13:18:58+00:00\",\"dateModified\":\"2025-09-10T14:15:53+00:00\",\"breadcrumb\":{\"@id\":\"https:\\\/\\\/puertaaeuropa.com\\\/index.php\\\/que-hacemos\\\/#breadcrumb\"},\"inLanguage\":\"es\",\"potentialAction\":[{\"@type\":\"ReadAction\",\"target\":[\"https:\\\/\\\/puertaaeuropa.com\\\/index.php\\\/que-hacemos\\\/\"]}]},{\"@type\":\"ImageObject\",\"inLanguage\":\"es\",\"@id\":\"https:\\\/\\\/puertaaeuropa.com\\\/index.php\\\/que-hacemos\\\/#primaryimage\",\"url\":\"https:\\\/\\\/puertaaeuropa.com\\\/wp-content\\\/uploads\\\/2025\\\/09\\\/banderola-puerta-a-europa.jpg\",\"contentUrl\":\"https:\\\/\\\/puertaaeuropa.com\\\/wp-content\\\/uploads\\\/2025\\\/09\\\/banderola-puerta-a-europa.jpg\",\"width\":657,\"height\":185},{\"@type\":\"BreadcrumbList\",\"@id\":\"https:\\\/\\\/puertaaeuropa.com\\\/index.php\\\/que-hacemos\\\/#breadcrumb\",\"itemListElement\":[{\"@type\":\"ListItem\",\"position\":1,\"name\":\"Portada\",\"item\":\"https:\\\/\\\/puertaaeuropa.com\\\/\"},{\"@type\":\"ListItem\",\"position\":2,\"name\":\"Qu\u00e9 hacemos\"}]},{\"@type\":\"WebSite\",\"@id\":\"https:\\\/\\\/puertaaeuropa.com\\\/#website\",\"url\":\"https:\\\/\\\/puertaaeuropa.com\\\/\",\"name\":\"Puerta a Europa\",\"description\":\"Movilidad acad&eacute;mica y profesional para Iberoam&eacute;rica, al estilo del programa Erasmus\",\"publisher\":{\"@id\":\"https:\\\/\\\/puertaaeuropa.com\\\/#organization\"},\"potentialAction\":[{\"@type\":\"SearchAction\",\"target\":{\"@type\":\"EntryPoint\",\"urlTemplate\":\"https:\\\/\\\/puertaaeuropa.com\\\/?s={search_term_string}\"},\"query-input\":{\"@type\":\"PropertyValueSpecification\",\"valueRequired\":true,\"valueName\":\"search_term_string\"}}],\"inLanguage\":\"es\"},{\"@type\":\"Organization\",\"@id\":\"https:\\\/\\\/puertaaeuropa.com\\\/#organization\",\"name\":\"Puerta a Europa\",\"url\":\"https:\\\/\\\/puertaaeuropa.com\\\/\",\"logo\":{\"@type\":\"ImageObject\",\"inLanguage\":\"es\",\"@id\":\"https:\\\/\\\/puertaaeuropa.com\\\/#\\\/schema\\\/logo\\\/image\\\/\",\"url\":\"https:\\\/\\\/puertaaeuropa.com\\\/wp-content\\\/uploads\\\/2024\\\/05\\\/logo-puerta-a-europa-peque-1.jpeg\",\"contentUrl\":\"https:\\\/\\\/puertaaeuropa.com\\\/wp-content\\\/uploads\\\/2024\\\/05\\\/logo-puerta-a-europa-peque-1.jpeg\",\"width\":504,\"height\":441,\"caption\":\"Puerta a Europa\"},\"image\":{\"@id\":\"https:\\\/\\\/puertaaeuropa.com\\\/#\\\/schema\\\/logo\\\/image\\\/\"}}]}<\/script>\n<!-- \/ Yoast SEO plugin. -->","yoast_head_json":{"title":"Qu\u00e9 hacemos - Puerta a Europa","robots":{"index":"index","follow":"follow","max-snippet":"max-snippet:-1","max-image-preview":"max-image-preview:large","max-video-preview":"max-video-preview:-1"},"canonical":"https:\/\/puertaaeuropa.com\/index.php\/que-hacemos\/","og_locale":"es_ES","og_type":"article","og_title":"Qu\u00e9 hacemos - Puerta a Europa","og_description":"En Universitas Iberoam\u00e9rica (UI), hacemos que sea posible tu movilidad acad\u00e9mica y profesional en Espa\u00f1a. Nos ocupamos de los aspectos esenciales para que tu talento cruce fronteras sin obst\u00e1culos: Con todo ello, transformamos tu talento en oportunidades concretas, de modo que tu carrera acad\u00e9mica y profesional no tenga l\u00edmites. Por este motivo, hemos desarrollado el [&hellip;]","og_url":"https:\/\/puertaaeuropa.com\/index.php\/que-hacemos\/","og_site_name":"Puerta a Europa","article_modified_time":"2025-09-10T14:15:53+00:00","og_image":[{"width":657,"height":185,"url":"https:\/\/puertaaeuropa.com\/wp-content\/uploads\/2025\/09\/banderola-puerta-a-europa.jpg","type":"image\/jpeg"}],"twitter_card":"summary_large_image","twitter_misc":{"Tiempo de lectura":"2 minutos"},"schema":{"@context":"https:\/\/schema.org","@graph":[{"@type":"WebPage","@id":"https:\/\/puertaaeuropa.com\/index.php\/que-hacemos\/","url":"https:\/\/puertaaeuropa.com\/index.php\/que-hacemos\/","name":"Qu\u00e9 hacemos - Puerta a Europa","isPartOf":{"@id":"https:\/\/puertaaeuropa.com\/#website"},"primaryImageOfPage":{"@id":"https:\/\/puertaaeuropa.com\/index.php\/que-hacemos\/#primaryimage"},"image":{"@id":"https:\/\/puertaaeuropa.com\/index.php\/que-hacemos\/#primaryimage"},"thumbnailUrl":"https:\/\/puertaaeuropa.com\/wp-content\/uploads\/2025\/09\/banderola-puerta-a-europa.jpg","datePublished":"2025-09-10T13:18:58+00:00","dateModified":"2025-09-10T14:15:53+00:00","breadcrumb":{"@id":"https:\/\/puertaaeuropa.com\/index.php\/que-hacemos\/#breadcrumb"},"inLanguage":"es","potentialAction":[{"@type":"ReadAction","target":["https:\/\/puertaaeuropa.com\/index.php\/que-hacemos\/"]}]},{"@type":"ImageObject","inLanguage":"es","@id":"https:\/\/puertaaeuropa.com\/index.php\/que-hacemos\/#primaryimage","url":"https:\/\/puertaaeuropa.com\/wp-content\/uploads\/2025\/09\/banderola-puerta-a-europa.jpg","contentUrl":"https:\/\/puertaaeuropa.com\/wp-content\/uploads\/2025\/09\/banderola-puerta-a-europa.jpg","width":657,"height":185},{"@type":"BreadcrumbList","@id":"https:\/\/puertaaeuropa.com\/index.php\/que-hacemos\/#breadcrumb","itemListElement":[{"@type":"ListItem","position":1,"name":"Portada","item":"https:\/\/puertaaeuropa.com\/"},{"@type":"ListItem","position":2,"name":"Qu\u00e9 hacemos"}]},{"@type":"WebSite","@id":"https:\/\/puertaaeuropa.com\/#website","url":"https:\/\/puertaaeuropa.com\/","name":"Puerta a Europa","description":"Movilidad acad&eacute;mica y profesional para Iberoam&eacute;rica, al estilo del programa Erasmus","publisher":{"@id":"https:\/\/puertaaeuropa.com\/#organization"},"potentialAction":[{"@type":"SearchAction","target":{"@type":"EntryPoint","urlTemplate":"https:\/\/puertaaeuropa.com\/?s={search_term_string}"},"query-input":{"@type":"PropertyValueSpecification","valueRequired":true,"valueName":"search_term_string"}}],"inLanguage":"es"},{"@type":"Organization","@id":"https:\/\/puertaaeuropa.com\/#organization","name":"Puerta a Europa","url":"https:\/\/puertaaeuropa.com\/","logo":{"@type":"ImageObject","inLanguage":"es","@id":"https:\/\/puertaaeuropa.com\/#\/schema\/logo\/image\/","url":"https:\/\/puertaaeuropa.com\/wp-content\/uploads\/2024\/05\/logo-puerta-a-europa-peque-1.jpeg","contentUrl":"https:\/\/puertaaeuropa.com\/wp-content\/uploads\/2024\/05\/logo-puerta-a-europa-peque-1.jpeg","width":504,"height":441,"caption":"Puerta a Europa"},"image":{"@id":"https:\/\/puertaaeuropa.com\/#\/schema\/logo\/image\/"}}]}},"jetpack_sharing_enabled":true,"_links":{"self":[{"href":"https:\/\/puertaaeuropa.com\/index.php\/wp-json\/wp\/v2\/pages\/278","targetHints":{"allow":["GET"]}}],"collection":[{"href":"https:\/\/puertaaeuropa.com\/index.php\/wp-json\/wp\/v2\/pages"}],"about":[{"href":"https:\/\/puertaaeuropa.com\/index.php\/wp-json\/wp\/v2\/types\/page"}],"author":[{"embeddable":true,"href":"https:\/\/puertaaeuropa.com\/index.php\/wp-json\/wp\/v2\/users\/1"}],"replies":[{"embeddable":true,"href":"https:\/\/puertaaeuropa.com\/index.php\/wp-json\/wp\/v2\/comments?post=278"}],"version-history":[{"count":2,"href":"https:\/\/puertaaeuropa.com\/index.php\/wp-json\/wp\/v2\/pages\/278\/revisions"}],"predecessor-version":[{"id":283,"href":"https:\/\/puertaaeuropa.com\/index.php\/wp-json\/wp\/v2\/pages\/278\/revisions\/283"}],"wp:attachment":[{"href":"https:\/\/puertaaeuropa.com\/index.php\/wp-json\/wp\/v2\/media?parent=278"}],"curies":[{"name":"wp","href":"https:\/\/api.w.org\/{rel}","templated":true}]}}