{"id":284,"date":"2025-09-10T15:17:43","date_gmt":"2025-09-10T14:17:43","guid":{"rendered":"https:\/\/puertaaeuropa.com\/?page_id=284"},"modified":"2025-09-11T11:27:53","modified_gmt":"2025-09-11T10:27:53","slug":"servicios","status":"publish","type":"page","link":"https:\/\/puertaaeuropa.com\/index.php\/servicios\/","title":{"rendered":"Servicios"},"content":{"rendered":"\n<figure class=\"wp-block-image size-full\"><img loading=\"lazy\" decoding=\"async\" width=\"657\" height=\"185\" src=\"https:\/\/puertaaeuropa.com\/wp-content\/uploads\/2025\/09\/banderola-puerta-a-europa.jpg\" alt=\"\" class=\"wp-image-254\" srcset=\"https:\/\/puertaaeuropa.com\/wp-content\/uploads\/2025\/09\/banderola-puerta-a-europa.jpg 657w, https:\/\/puertaaeuropa.com\/wp-content\/uploads\/2025\/09\/banderola-puerta-a-europa-300x84.jpg 300w\" sizes=\"auto, (max-width: 657px) 100vw, 657px\" \/><\/figure>\n\n\n\n<p><strong>B\u00fasqueda de cursos de postgrado<\/strong><\/p>\n\n\n\n<p>Ayudamos a seleccionar programas de m\u00e1ster, especializaci\u00f3n y formaci\u00f3n de postgrado en universidades y centros de prestigio en Espa\u00f1a, adaptados al perfil acad\u00e9mico y profesional de cada estudiante.<\/p>\n\n\n\n<p><strong>Gesti\u00f3n de matr\u00edcula<\/strong><\/p>\n\n\n\n<p>Nos encargamos de toda la gesti\u00f3n administrativa de matr\u00edcula en universidades y centros de formaci\u00f3n espa\u00f1oles, asegurando un proceso correcto, transparente y en los plazos adecuados.<\/p>\n\n\n\n<p><strong>Gesti\u00f3n de matr\u00edcula en campus virtual con titulaci\u00f3n espa\u00f1ola<\/strong><\/p>\n\n\n\n<p>Facilitamos el acceso a programas de formaci\u00f3n a Distancia impartidos por instituciones espa\u00f1olas, que otorgan titulaci\u00f3n oficial y permiten estudiar desde cualquier pa\u00eds iberoamericano, con validez acad\u00e9mica y profesional en Espa\u00f1a y en Europa.<\/p>\n\n\n\n<p><strong>B\u00fasqueda de Becas<\/strong><\/p>\n\n\n\n<p>Orientamos y apoyamos a los j\u00f3venes en la identificaci\u00f3n y postulaci\u00f3n a becas ofrecidas por universidades, instituciones p\u00fablicas y privadas en Espa\u00f1a, as\u00ed como a programas internacionales como Erasmus Mundus, facilitando el acceso a oportunidades de financiaci\u00f3n para su formaci\u00f3n acad\u00e9mica.<\/p>\n\n\n\n<p><strong>Permitimos el acceso al <\/strong><em><strong>Campus Universitario Iberoamericano<\/strong><\/em><\/p>\n\n\n\n<p>En virtud del convenio de colaboraci\u00f3n internacional, disponemos de acceso al <em>Campus Universitario Iberoamericano<\/em>, donde podr\u00e1 inscribirse en cursos de Direcci\u00f3n de Empresas y en programas de Maestr\u00eda.<\/p>\n\n\n\n<p><strong>Acceso a la bolsa de empleo iberoamericano <\/strong>(gratuito)<\/p>\n\n\n\n<p>Punto de encuentro laboral destinado a estudiantes y profesionales iberoamericanos, cuyo objetivo es conectar con empresas e instituciones en Espa\u00f1a. Ofrece servicios de b\u00fasqueda de ofertas laborales, pr\u00e1cticas profesionales, pasant\u00edas y programas de movilidad, promoviendo la empleabilidad y la integraci\u00f3n en el mercado de trabajo.<\/p>\n\n\n\n<figure class=\"wp-block-image size-full\"><img loading=\"lazy\" decoding=\"async\" width=\"800\" height=\"435\" src=\"https:\/\/puertaaeuropa.com\/wp-content\/uploads\/2025\/09\/profesora.jpg\" alt=\"\" class=\"wp-image-287\" srcset=\"https:\/\/puertaaeuropa.com\/wp-content\/uploads\/2025\/09\/profesora.jpg 800w, https:\/\/puertaaeuropa.com\/wp-content\/uploads\/2025\/09\/profesora-300x163.jpg 300w, https:\/\/puertaaeuropa.com\/wp-content\/uploads\/2025\/09\/profesora-768x418.jpg 768w\" sizes=\"auto, (max-width: 800px) 100vw, 800px\" \/><\/figure>\n","protected":false},"excerpt":{"rendered":"<p>B\u00fasqueda de cursos de postgrado Ayudamos a seleccionar programas de m\u00e1ster, especializaci\u00f3n y formaci\u00f3n de postgrado en universidades y centros de prestigio en Espa\u00f1a, adaptados al perfil acad\u00e9mico y profesional de cada estudiante. Gesti\u00f3n de matr\u00edcula Nos encargamos de toda la gesti\u00f3n administrativa de matr\u00edcula en universidades y centros de formaci\u00f3n espa\u00f1oles, asegurando un proceso [&hellip;]<\/p>\n","protected":false},"author":1,"featured_media":0,"parent":0,"menu_order":0,"comment_status":"closed","ping_status":"closed","template":"","meta":{"footnotes":""},"class_list":["post-284","page","type-page","status-publish","hentry"],"yoast_head":"<!-- This site is optimized with the Yoast SEO plugin v27.4 - https:\/\/yoast.com\/product\/yoast-seo-wordpress\/ -->\n<title>Servicios - Puerta a Europa<\/title>\n<meta name=\"robots\" content=\"index, follow, max-snippet:-1, max-image-preview:large, max-video-preview:-1\" \/>\n<link rel=\"canonical\" href=\"https:\/\/puertaaeuropa.com\/index.php\/servicios\/\" \/>\n<meta property=\"og:locale\" content=\"es_ES\" \/>\n<meta property=\"og:type\" content=\"article\" \/>\n<meta property=\"og:title\" content=\"Servicios - Puerta a Europa\" \/>\n<meta property=\"og:description\" content=\"B\u00fasqueda de cursos de postgrado Ayudamos a seleccionar programas de m\u00e1ster, especializaci\u00f3n y formaci\u00f3n de postgrado en universidades y centros de prestigio en Espa\u00f1a, adaptados al perfil acad\u00e9mico y profesional de cada estudiante. Gesti\u00f3n de matr\u00edcula Nos encargamos de toda la gesti\u00f3n administrativa de matr\u00edcula en universidades y centros de formaci\u00f3n espa\u00f1oles, asegurando un proceso [&hellip;]\" \/>\n<meta property=\"og:url\" content=\"https:\/\/puertaaeuropa.com\/index.php\/servicios\/\" \/>\n<meta property=\"og:site_name\" content=\"Puerta a Europa\" \/>\n<meta property=\"article:modified_time\" content=\"2025-09-11T10:27:53+00:00\" \/>\n<meta property=\"og:image\" content=\"https:\/\/puertaaeuropa.com\/wp-content\/uploads\/2025\/09\/banderola-puerta-a-europa.jpg\" \/>\n\t<meta property=\"og:image:width\" content=\"657\" \/>\n\t<meta property=\"og:image:height\" content=\"185\" \/>\n\t<meta property=\"og:image:type\" content=\"image\/jpeg\" \/>\n<meta name=\"twitter:card\" content=\"summary_large_image\" \/>\n<meta name=\"twitter:label1\" content=\"Tiempo de lectura\" \/>\n\t<meta name=\"twitter:data1\" content=\"2 minutos\" \/>\n<script type=\"application\/ld+json\" class=\"yoast-schema-graph\">{\"@context\":\"https:\\\/\\\/schema.org\",\"@graph\":[{\"@type\":\"WebPage\",\"@id\":\"https:\\\/\\\/puertaaeuropa.com\\\/index.php\\\/servicios\\\/\",\"url\":\"https:\\\/\\\/puertaaeuropa.com\\\/index.php\\\/servicios\\\/\",\"name\":\"Servicios - Puerta a Europa\",\"isPartOf\":{\"@id\":\"https:\\\/\\\/puertaaeuropa.com\\\/#website\"},\"primaryImageOfPage\":{\"@id\":\"https:\\\/\\\/puertaaeuropa.com\\\/index.php\\\/servicios\\\/#primaryimage\"},\"image\":{\"@id\":\"https:\\\/\\\/puertaaeuropa.com\\\/index.php\\\/servicios\\\/#primaryimage\"},\"thumbnailUrl\":\"https:\\\/\\\/puertaaeuropa.com\\\/wp-content\\\/uploads\\\/2025\\\/09\\\/banderola-puerta-a-europa.jpg\",\"datePublished\":\"2025-09-10T14:17:43+00:00\",\"dateModified\":\"2025-09-11T10:27:53+00:00\",\"breadcrumb\":{\"@id\":\"https:\\\/\\\/puertaaeuropa.com\\\/index.php\\\/servicios\\\/#breadcrumb\"},\"inLanguage\":\"es\",\"potentialAction\":[{\"@type\":\"ReadAction\",\"target\":[\"https:\\\/\\\/puertaaeuropa.com\\\/index.php\\\/servicios\\\/\"]}]},{\"@type\":\"ImageObject\",\"inLanguage\":\"es\",\"@id\":\"https:\\\/\\\/puertaaeuropa.com\\\/index.php\\\/servicios\\\/#primaryimage\",\"url\":\"https:\\\/\\\/puertaaeuropa.com\\\/wp-content\\\/uploads\\\/2025\\\/09\\\/banderola-puerta-a-europa.jpg\",\"contentUrl\":\"https:\\\/\\\/puertaaeuropa.com\\\/wp-content\\\/uploads\\\/2025\\\/09\\\/banderola-puerta-a-europa.jpg\",\"width\":657,\"height\":185},{\"@type\":\"BreadcrumbList\",\"@id\":\"https:\\\/\\\/puertaaeuropa.com\\\/index.php\\\/servicios\\\/#breadcrumb\",\"itemListElement\":[{\"@type\":\"ListItem\",\"position\":1,\"name\":\"Portada\",\"item\":\"https:\\\/\\\/puertaaeuropa.com\\\/\"},{\"@type\":\"ListItem\",\"position\":2,\"name\":\"Servicios\"}]},{\"@type\":\"WebSite\",\"@id\":\"https:\\\/\\\/puertaaeuropa.com\\\/#website\",\"url\":\"https:\\\/\\\/puertaaeuropa.com\\\/\",\"name\":\"Puerta a Europa\",\"description\":\"Movilidad acad&eacute;mica y profesional para Iberoam&eacute;rica, al estilo del programa Erasmus\",\"publisher\":{\"@id\":\"https:\\\/\\\/puertaaeuropa.com\\\/#organization\"},\"potentialAction\":[{\"@type\":\"SearchAction\",\"target\":{\"@type\":\"EntryPoint\",\"urlTemplate\":\"https:\\\/\\\/puertaaeuropa.com\\\/?s={search_term_string}\"},\"query-input\":{\"@type\":\"PropertyValueSpecification\",\"valueRequired\":true,\"valueName\":\"search_term_string\"}}],\"inLanguage\":\"es\"},{\"@type\":\"Organization\",\"@id\":\"https:\\\/\\\/puertaaeuropa.com\\\/#organization\",\"name\":\"Puerta a Europa\",\"url\":\"https:\\\/\\\/puertaaeuropa.com\\\/\",\"logo\":{\"@type\":\"ImageObject\",\"inLanguage\":\"es\",\"@id\":\"https:\\\/\\\/puertaaeuropa.com\\\/#\\\/schema\\\/logo\\\/image\\\/\",\"url\":\"https:\\\/\\\/puertaaeuropa.com\\\/wp-content\\\/uploads\\\/2024\\\/05\\\/logo-puerta-a-europa-peque-1.jpeg\",\"contentUrl\":\"https:\\\/\\\/puertaaeuropa.com\\\/wp-content\\\/uploads\\\/2024\\\/05\\\/logo-puerta-a-europa-peque-1.jpeg\",\"width\":504,\"height\":441,\"caption\":\"Puerta a Europa\"},\"image\":{\"@id\":\"https:\\\/\\\/puertaaeuropa.com\\\/#\\\/schema\\\/logo\\\/image\\\/\"}}]}<\/script>\n<!-- \/ Yoast SEO plugin. -->","yoast_head_json":{"title":"Servicios - Puerta a Europa","robots":{"index":"index","follow":"follow","max-snippet":"max-snippet:-1","max-image-preview":"max-image-preview:large","max-video-preview":"max-video-preview:-1"},"canonical":"https:\/\/puertaaeuropa.com\/index.php\/servicios\/","og_locale":"es_ES","og_type":"article","og_title":"Servicios - Puerta a Europa","og_description":"B\u00fasqueda de cursos de postgrado Ayudamos a seleccionar programas de m\u00e1ster, especializaci\u00f3n y formaci\u00f3n de postgrado en universidades y centros de prestigio en Espa\u00f1a, adaptados al perfil acad\u00e9mico y profesional de cada estudiante. Gesti\u00f3n de matr\u00edcula Nos encargamos de toda la gesti\u00f3n administrativa de matr\u00edcula en universidades y centros de formaci\u00f3n espa\u00f1oles, asegurando un proceso [&hellip;]","og_url":"https:\/\/puertaaeuropa.com\/index.php\/servicios\/","og_site_name":"Puerta a Europa","article_modified_time":"2025-09-11T10:27:53+00:00","og_image":[{"width":657,"height":185,"url":"https:\/\/puertaaeuropa.com\/wp-content\/uploads\/2025\/09\/banderola-puerta-a-europa.jpg","type":"image\/jpeg"}],"twitter_card":"summary_large_image","twitter_misc":{"Tiempo de lectura":"2 minutos"},"schema":{"@context":"https:\/\/schema.org","@graph":[{"@type":"WebPage","@id":"https:\/\/puertaaeuropa.com\/index.php\/servicios\/","url":"https:\/\/puertaaeuropa.com\/index.php\/servicios\/","name":"Servicios - Puerta a Europa","isPartOf":{"@id":"https:\/\/puertaaeuropa.com\/#website"},"primaryImageOfPage":{"@id":"https:\/\/puertaaeuropa.com\/index.php\/servicios\/#primaryimage"},"image":{"@id":"https:\/\/puertaaeuropa.com\/index.php\/servicios\/#primaryimage"},"thumbnailUrl":"https:\/\/puertaaeuropa.com\/wp-content\/uploads\/2025\/09\/banderola-puerta-a-europa.jpg","datePublished":"2025-09-10T14:17:43+00:00","dateModified":"2025-09-11T10:27:53+00:00","breadcrumb":{"@id":"https:\/\/puertaaeuropa.com\/index.php\/servicios\/#breadcrumb"},"inLanguage":"es","potentialAction":[{"@type":"ReadAction","target":["https:\/\/puertaaeuropa.com\/index.php\/servicios\/"]}]},{"@type":"ImageObject","inLanguage":"es","@id":"https:\/\/puertaaeuropa.com\/index.php\/servicios\/#primaryimage","url":"https:\/\/puertaaeuropa.com\/wp-content\/uploads\/2025\/09\/banderola-puerta-a-europa.jpg","contentUrl":"https:\/\/puertaaeuropa.com\/wp-content\/uploads\/2025\/09\/banderola-puerta-a-europa.jpg","width":657,"height":185},{"@type":"BreadcrumbList","@id":"https:\/\/puertaaeuropa.com\/index.php\/servicios\/#breadcrumb","itemListElement":[{"@type":"ListItem","position":1,"name":"Portada","item":"https:\/\/puertaaeuropa.com\/"},{"@type":"ListItem","position":2,"name":"Servicios"}]},{"@type":"WebSite","@id":"https:\/\/puertaaeuropa.com\/#website","url":"https:\/\/puertaaeuropa.com\/","name":"Puerta a Europa","description":"Movilidad acad&eacute;mica y profesional para Iberoam&eacute;rica, al estilo del programa Erasmus","publisher":{"@id":"https:\/\/puertaaeuropa.com\/#organization"},"potentialAction":[{"@type":"SearchAction","target":{"@type":"EntryPoint","urlTemplate":"https:\/\/puertaaeuropa.com\/?s={search_term_string}"},"query-input":{"@type":"PropertyValueSpecification","valueRequired":true,"valueName":"search_term_string"}}],"inLanguage":"es"},{"@type":"Organization","@id":"https:\/\/puertaaeuropa.com\/#organization","name":"Puerta a Europa","url":"https:\/\/puertaaeuropa.com\/","logo":{"@type":"ImageObject","inLanguage":"es","@id":"https:\/\/puertaaeuropa.com\/#\/schema\/logo\/image\/","url":"https:\/\/puertaaeuropa.com\/wp-content\/uploads\/2024\/05\/logo-puerta-a-europa-peque-1.jpeg","contentUrl":"https:\/\/puertaaeuropa.com\/wp-content\/uploads\/2024\/05\/logo-puerta-a-europa-peque-1.jpeg","width":504,"height":441,"caption":"Puerta a Europa"},"image":{"@id":"https:\/\/puertaaeuropa.com\/#\/schema\/logo\/image\/"}}]}},"jetpack_sharing_enabled":true,"_links":{"self":[{"href":"https:\/\/puertaaeuropa.com\/index.php\/wp-json\/wp\/v2\/pages\/284","targetHints":{"allow":["GET"]}}],"collection":[{"href":"https:\/\/puertaaeuropa.com\/index.php\/wp-json\/wp\/v2\/pages"}],"about":[{"href":"https:\/\/puertaaeuropa.com\/index.php\/wp-json\/wp\/v2\/types\/page"}],"author":[{"embeddable":true,"href":"https:\/\/puertaaeuropa.com\/index.php\/wp-json\/wp\/v2\/users\/1"}],"replies":[{"embeddable":true,"href":"https:\/\/puertaaeuropa.com\/index.php\/wp-json\/wp\/v2\/comments?post=284"}],"version-history":[{"count":2,"href":"https:\/\/puertaaeuropa.com\/index.php\/wp-json\/wp\/v2\/pages\/284\/revisions"}],"predecessor-version":[{"id":313,"href":"https:\/\/puertaaeuropa.com\/index.php\/wp-json\/wp\/v2\/pages\/284\/revisions\/313"}],"wp:attachment":[{"href":"https:\/\/puertaaeuropa.com\/index.php\/wp-json\/wp\/v2\/media?parent=284"}],"curies":[{"name":"wp","href":"https:\/\/api.w.org\/{rel}","templated":true}]}}