{"id":289,"date":"2025-09-10T15:20:58","date_gmt":"2025-09-10T14:20:58","guid":{"rendered":"https:\/\/puertaaeuropa.com\/?page_id=289"},"modified":"2025-09-19T19:54:21","modified_gmt":"2025-09-19T18:54:21","slug":"posgrado-maestrias-y-especializacion","status":"publish","type":"page","link":"https:\/\/puertaaeuropa.com\/index.php\/posgrado-maestrias-y-especializacion\/","title":{"rendered":"Postgrado, maestr\u00edas y especializaci\u00f3n"},"content":{"rendered":"\n<p><strong>POSTGRADO, MAESTR\u00cdAS Y ESPECIALIZACI\u00d3N<\/strong><\/p>\n\n\n\n<p>Nuestro programa de formaci\u00f3n est\u00e1 dirigido a estudiantes hispanoamericanos, quienes pueden acceder a \u00e9l de dos maneras:<\/p>\n\n\n\n<ul class=\"wp-block-list\">\n<li>En Espa\u00f1a, cursando sus estudios en modalidad presencial o mixta.<\/li>\n\n\n\n<li>Desde su pa\u00eds de origen, mediante la modalidad a distancia.<\/li>\n<\/ul>\n\n\n\n<p>Ofrecemos dos niveles de formaci\u00f3n: universitaria y para la empleabilidad:<\/p>\n\n\n\n<ul class=\"wp-block-list\">\n<li>Titulaci\u00f3n espa\u00f1ola de postgrado (IUNID), como Centro Adscrito a la Universidad Rey Juan Carlos.<\/li>\n\n\n\n<li>Formaci\u00f3n Profesional para la empleabilidad, impartida a distancia. Posteriormente, los estudiantes podr\u00e1n presentarse en Espa\u00f1a a un examen de valoraci\u00f3n de conocimientos, habilidades y aptitudes, con el fin de obtener el certificado de profesionalidad o acreditaci\u00f3n oficial de competencias, conforme al Real Decreto 34\/2008, de 18 de enero.<\/li>\n<\/ul>\n\n\n\n<figure class=\"wp-block-image size-large\"><img loading=\"lazy\" decoding=\"async\" width=\"1024\" height=\"743\" src=\"https:\/\/puertaaeuropa.com\/wp-content\/uploads\/2025\/09\/biblioteca-1024x743.jpg\" alt=\"\" class=\"wp-image-291\" srcset=\"https:\/\/puertaaeuropa.com\/wp-content\/uploads\/2025\/09\/biblioteca-1024x743.jpg 1024w, https:\/\/puertaaeuropa.com\/wp-content\/uploads\/2025\/09\/biblioteca-300x218.jpg 300w, https:\/\/puertaaeuropa.com\/wp-content\/uploads\/2025\/09\/biblioteca-768x557.jpg 768w, https:\/\/puertaaeuropa.com\/wp-content\/uploads\/2025\/09\/biblioteca.jpg 1112w\" sizes=\"auto, (max-width: 1024px) 100vw, 1024px\" \/><\/figure>\n\n\n\n<p><strong>A.- CURSOS IMPARTIDOS EN ESPA\u00d1A<\/strong><\/p>\n\n\n\n<figure class=\"wp-block-image aligncenter size-full\"><img loading=\"lazy\" decoding=\"async\" width=\"1087\" height=\"725\" src=\"https:\/\/puertaaeuropa.com\/wp-content\/uploads\/2025\/09\/Andres-Bello-3.jpg\" alt=\"\" class=\"wp-image-329\" srcset=\"https:\/\/puertaaeuropa.com\/wp-content\/uploads\/2025\/09\/Andres-Bello-3.jpg 1087w, https:\/\/puertaaeuropa.com\/wp-content\/uploads\/2025\/09\/Andres-Bello-3-300x200.jpg 300w, https:\/\/puertaaeuropa.com\/wp-content\/uploads\/2025\/09\/Andres-Bello-3-1024x683.jpg 1024w, https:\/\/puertaaeuropa.com\/wp-content\/uploads\/2025\/09\/Andres-Bello-3-768x512.jpg 768w\" sizes=\"auto, (max-width: 1087px) 100vw, 1087px\" \/><\/figure>\n\n\n\n<ul class=\"wp-block-list\">\n<li>Universitarios<\/li>\n\n\n\n<li>Formaci\u00f3n para la empleabilidad.<\/li>\n<\/ul>\n\n\n\n<p><strong>B.- CURSOS UNIVERSITARIOS A DISTANCIA CON TITULACI\u00d3N ESPA\u00d1OLA<\/strong><\/p>\n\n\n\n<figure class=\"wp-block-image aligncenter size-full is-resized\"><img loading=\"lazy\" decoding=\"async\" width=\"1200\" height=\"1363\" src=\"https:\/\/puertaaeuropa.com\/wp-content\/uploads\/2025\/09\/logo-andres-bello-.png\" alt=\"\" class=\"wp-image-342\" style=\"width:488px;height:auto\" srcset=\"https:\/\/puertaaeuropa.com\/wp-content\/uploads\/2025\/09\/logo-andres-bello-.png 1200w, https:\/\/puertaaeuropa.com\/wp-content\/uploads\/2025\/09\/logo-andres-bello--264x300.png 264w, https:\/\/puertaaeuropa.com\/wp-content\/uploads\/2025\/09\/logo-andres-bello--902x1024.png 902w, https:\/\/puertaaeuropa.com\/wp-content\/uploads\/2025\/09\/logo-andres-bello--768x872.png 768w\" sizes=\"auto, (max-width: 1200px) 100vw, 1200px\" \/><\/figure>\n\n\n\n<ul class=\"wp-block-list\">\n<li>Universitarios<\/li>\n\n\n\n<li>Formaci\u00f3n para la empleabilidad<\/li>\n<\/ul>\n\n\n\n<p><strong>Ventajas:<\/strong> podr\u00e1s cursar los estudios desde tu pa\u00eds de origen y, posteriormente, emigrar a Espa\u00f1a u otro pa\u00eds con un t\u00edtulo espa\u00f1ol de una Instituci\u00f3n Universitaria oficial.<\/p>\n","protected":false},"excerpt":{"rendered":"<p>POSTGRADO, MAESTR\u00cdAS Y ESPECIALIZACI\u00d3N Nuestro programa de formaci\u00f3n est\u00e1 dirigido a estudiantes hispanoamericanos, quienes pueden acceder a \u00e9l de dos maneras: Ofrecemos dos niveles de formaci\u00f3n: universitaria y para la empleabilidad: A.- CURSOS IMPARTIDOS EN ESPA\u00d1A B.- CURSOS UNIVERSITARIOS A DISTANCIA CON TITULACI\u00d3N ESPA\u00d1OLA Ventajas: podr\u00e1s cursar los estudios desde tu pa\u00eds de origen y, [&hellip;]<\/p>\n","protected":false},"author":1,"featured_media":0,"parent":0,"menu_order":0,"comment_status":"closed","ping_status":"closed","template":"","meta":{"footnotes":""},"class_list":["post-289","page","type-page","status-publish","hentry"],"yoast_head":"<!-- This site is optimized with the Yoast SEO plugin v27.4 - https:\/\/yoast.com\/product\/yoast-seo-wordpress\/ -->\n<title>Postgrado, maestr\u00edas y especializaci\u00f3n - Puerta a Europa<\/title>\n<meta name=\"robots\" content=\"index, follow, max-snippet:-1, max-image-preview:large, max-video-preview:-1\" \/>\n<link rel=\"canonical\" href=\"https:\/\/puertaaeuropa.com\/index.php\/posgrado-maestrias-y-especializacion\/\" \/>\n<meta property=\"og:locale\" content=\"es_ES\" \/>\n<meta property=\"og:type\" content=\"article\" \/>\n<meta property=\"og:title\" content=\"Postgrado, maestr\u00edas y especializaci\u00f3n - Puerta a Europa\" \/>\n<meta property=\"og:description\" content=\"POSTGRADO, MAESTR\u00cdAS Y ESPECIALIZACI\u00d3N Nuestro programa de formaci\u00f3n est\u00e1 dirigido a estudiantes hispanoamericanos, quienes pueden acceder a \u00e9l de dos maneras: Ofrecemos dos niveles de formaci\u00f3n: universitaria y para la empleabilidad: A.- CURSOS IMPARTIDOS EN ESPA\u00d1A B.- CURSOS UNIVERSITARIOS A DISTANCIA CON TITULACI\u00d3N ESPA\u00d1OLA Ventajas: podr\u00e1s cursar los estudios desde tu pa\u00eds de origen y, [&hellip;]\" \/>\n<meta property=\"og:url\" content=\"https:\/\/puertaaeuropa.com\/index.php\/posgrado-maestrias-y-especializacion\/\" \/>\n<meta property=\"og:site_name\" content=\"Puerta a Europa\" \/>\n<meta property=\"article:modified_time\" content=\"2025-09-19T18:54:21+00:00\" \/>\n<meta property=\"og:image\" content=\"https:\/\/puertaaeuropa.com\/wp-content\/uploads\/2025\/09\/biblioteca.jpg\" \/>\n\t<meta property=\"og:image:width\" content=\"1112\" \/>\n\t<meta property=\"og:image:height\" content=\"807\" \/>\n\t<meta property=\"og:image:type\" content=\"image\/jpeg\" \/>\n<meta name=\"twitter:card\" content=\"summary_large_image\" \/>\n<meta name=\"twitter:label1\" content=\"Tiempo de lectura\" \/>\n\t<meta name=\"twitter:data1\" content=\"2 minutos\" \/>\n<script type=\"application\/ld+json\" class=\"yoast-schema-graph\">{\"@context\":\"https:\\\/\\\/schema.org\",\"@graph\":[{\"@type\":\"WebPage\",\"@id\":\"https:\\\/\\\/puertaaeuropa.com\\\/index.php\\\/posgrado-maestrias-y-especializacion\\\/\",\"url\":\"https:\\\/\\\/puertaaeuropa.com\\\/index.php\\\/posgrado-maestrias-y-especializacion\\\/\",\"name\":\"Postgrado, maestr\u00edas y especializaci\u00f3n - Puerta a Europa\",\"isPartOf\":{\"@id\":\"https:\\\/\\\/puertaaeuropa.com\\\/#website\"},\"primaryImageOfPage\":{\"@id\":\"https:\\\/\\\/puertaaeuropa.com\\\/index.php\\\/posgrado-maestrias-y-especializacion\\\/#primaryimage\"},\"image\":{\"@id\":\"https:\\\/\\\/puertaaeuropa.com\\\/index.php\\\/posgrado-maestrias-y-especializacion\\\/#primaryimage\"},\"thumbnailUrl\":\"https:\\\/\\\/puertaaeuropa.com\\\/wp-content\\\/uploads\\\/2025\\\/09\\\/biblioteca-1024x743.jpg\",\"datePublished\":\"2025-09-10T14:20:58+00:00\",\"dateModified\":\"2025-09-19T18:54:21+00:00\",\"breadcrumb\":{\"@id\":\"https:\\\/\\\/puertaaeuropa.com\\\/index.php\\\/posgrado-maestrias-y-especializacion\\\/#breadcrumb\"},\"inLanguage\":\"es\",\"potentialAction\":[{\"@type\":\"ReadAction\",\"target\":[\"https:\\\/\\\/puertaaeuropa.com\\\/index.php\\\/posgrado-maestrias-y-especializacion\\\/\"]}]},{\"@type\":\"ImageObject\",\"inLanguage\":\"es\",\"@id\":\"https:\\\/\\\/puertaaeuropa.com\\\/index.php\\\/posgrado-maestrias-y-especializacion\\\/#primaryimage\",\"url\":\"https:\\\/\\\/puertaaeuropa.com\\\/wp-content\\\/uploads\\\/2025\\\/09\\\/biblioteca.jpg\",\"contentUrl\":\"https:\\\/\\\/puertaaeuropa.com\\\/wp-content\\\/uploads\\\/2025\\\/09\\\/biblioteca.jpg\",\"width\":1112,\"height\":807},{\"@type\":\"BreadcrumbList\",\"@id\":\"https:\\\/\\\/puertaaeuropa.com\\\/index.php\\\/posgrado-maestrias-y-especializacion\\\/#breadcrumb\",\"itemListElement\":[{\"@type\":\"ListItem\",\"position\":1,\"name\":\"Portada\",\"item\":\"https:\\\/\\\/puertaaeuropa.com\\\/\"},{\"@type\":\"ListItem\",\"position\":2,\"name\":\"Postgrado, maestr\u00edas y especializaci\u00f3n\"}]},{\"@type\":\"WebSite\",\"@id\":\"https:\\\/\\\/puertaaeuropa.com\\\/#website\",\"url\":\"https:\\\/\\\/puertaaeuropa.com\\\/\",\"name\":\"Puerta a Europa\",\"description\":\"Movilidad acad&eacute;mica y profesional para Iberoam&eacute;rica, al estilo del programa Erasmus\",\"publisher\":{\"@id\":\"https:\\\/\\\/puertaaeuropa.com\\\/#organization\"},\"potentialAction\":[{\"@type\":\"SearchAction\",\"target\":{\"@type\":\"EntryPoint\",\"urlTemplate\":\"https:\\\/\\\/puertaaeuropa.com\\\/?s={search_term_string}\"},\"query-input\":{\"@type\":\"PropertyValueSpecification\",\"valueRequired\":true,\"valueName\":\"search_term_string\"}}],\"inLanguage\":\"es\"},{\"@type\":\"Organization\",\"@id\":\"https:\\\/\\\/puertaaeuropa.com\\\/#organization\",\"name\":\"Puerta a Europa\",\"url\":\"https:\\\/\\\/puertaaeuropa.com\\\/\",\"logo\":{\"@type\":\"ImageObject\",\"inLanguage\":\"es\",\"@id\":\"https:\\\/\\\/puertaaeuropa.com\\\/#\\\/schema\\\/logo\\\/image\\\/\",\"url\":\"https:\\\/\\\/puertaaeuropa.com\\\/wp-content\\\/uploads\\\/2024\\\/05\\\/logo-puerta-a-europa-peque-1.jpeg\",\"contentUrl\":\"https:\\\/\\\/puertaaeuropa.com\\\/wp-content\\\/uploads\\\/2024\\\/05\\\/logo-puerta-a-europa-peque-1.jpeg\",\"width\":504,\"height\":441,\"caption\":\"Puerta a Europa\"},\"image\":{\"@id\":\"https:\\\/\\\/puertaaeuropa.com\\\/#\\\/schema\\\/logo\\\/image\\\/\"}}]}<\/script>\n<!-- \/ Yoast SEO plugin. -->","yoast_head_json":{"title":"Postgrado, maestr\u00edas y especializaci\u00f3n - Puerta a Europa","robots":{"index":"index","follow":"follow","max-snippet":"max-snippet:-1","max-image-preview":"max-image-preview:large","max-video-preview":"max-video-preview:-1"},"canonical":"https:\/\/puertaaeuropa.com\/index.php\/posgrado-maestrias-y-especializacion\/","og_locale":"es_ES","og_type":"article","og_title":"Postgrado, maestr\u00edas y especializaci\u00f3n - Puerta a Europa","og_description":"POSTGRADO, MAESTR\u00cdAS Y ESPECIALIZACI\u00d3N Nuestro programa de formaci\u00f3n est\u00e1 dirigido a estudiantes hispanoamericanos, quienes pueden acceder a \u00e9l de dos maneras: Ofrecemos dos niveles de formaci\u00f3n: universitaria y para la empleabilidad: A.- CURSOS IMPARTIDOS EN ESPA\u00d1A B.- CURSOS UNIVERSITARIOS A DISTANCIA CON TITULACI\u00d3N ESPA\u00d1OLA Ventajas: podr\u00e1s cursar los estudios desde tu pa\u00eds de origen y, [&hellip;]","og_url":"https:\/\/puertaaeuropa.com\/index.php\/posgrado-maestrias-y-especializacion\/","og_site_name":"Puerta a Europa","article_modified_time":"2025-09-19T18:54:21+00:00","og_image":[{"width":1112,"height":807,"url":"https:\/\/puertaaeuropa.com\/wp-content\/uploads\/2025\/09\/biblioteca.jpg","type":"image\/jpeg"}],"twitter_card":"summary_large_image","twitter_misc":{"Tiempo de lectura":"2 minutos"},"schema":{"@context":"https:\/\/schema.org","@graph":[{"@type":"WebPage","@id":"https:\/\/puertaaeuropa.com\/index.php\/posgrado-maestrias-y-especializacion\/","url":"https:\/\/puertaaeuropa.com\/index.php\/posgrado-maestrias-y-especializacion\/","name":"Postgrado, maestr\u00edas y especializaci\u00f3n - Puerta a Europa","isPartOf":{"@id":"https:\/\/puertaaeuropa.com\/#website"},"primaryImageOfPage":{"@id":"https:\/\/puertaaeuropa.com\/index.php\/posgrado-maestrias-y-especializacion\/#primaryimage"},"image":{"@id":"https:\/\/puertaaeuropa.com\/index.php\/posgrado-maestrias-y-especializacion\/#primaryimage"},"thumbnailUrl":"https:\/\/puertaaeuropa.com\/wp-content\/uploads\/2025\/09\/biblioteca-1024x743.jpg","datePublished":"2025-09-10T14:20:58+00:00","dateModified":"2025-09-19T18:54:21+00:00","breadcrumb":{"@id":"https:\/\/puertaaeuropa.com\/index.php\/posgrado-maestrias-y-especializacion\/#breadcrumb"},"inLanguage":"es","potentialAction":[{"@type":"ReadAction","target":["https:\/\/puertaaeuropa.com\/index.php\/posgrado-maestrias-y-especializacion\/"]}]},{"@type":"ImageObject","inLanguage":"es","@id":"https:\/\/puertaaeuropa.com\/index.php\/posgrado-maestrias-y-especializacion\/#primaryimage","url":"https:\/\/puertaaeuropa.com\/wp-content\/uploads\/2025\/09\/biblioteca.jpg","contentUrl":"https:\/\/puertaaeuropa.com\/wp-content\/uploads\/2025\/09\/biblioteca.jpg","width":1112,"height":807},{"@type":"BreadcrumbList","@id":"https:\/\/puertaaeuropa.com\/index.php\/posgrado-maestrias-y-especializacion\/#breadcrumb","itemListElement":[{"@type":"ListItem","position":1,"name":"Portada","item":"https:\/\/puertaaeuropa.com\/"},{"@type":"ListItem","position":2,"name":"Postgrado, maestr\u00edas y especializaci\u00f3n"}]},{"@type":"WebSite","@id":"https:\/\/puertaaeuropa.com\/#website","url":"https:\/\/puertaaeuropa.com\/","name":"Puerta a Europa","description":"Movilidad acad&eacute;mica y profesional para Iberoam&eacute;rica, al estilo del programa Erasmus","publisher":{"@id":"https:\/\/puertaaeuropa.com\/#organization"},"potentialAction":[{"@type":"SearchAction","target":{"@type":"EntryPoint","urlTemplate":"https:\/\/puertaaeuropa.com\/?s={search_term_string}"},"query-input":{"@type":"PropertyValueSpecification","valueRequired":true,"valueName":"search_term_string"}}],"inLanguage":"es"},{"@type":"Organization","@id":"https:\/\/puertaaeuropa.com\/#organization","name":"Puerta a Europa","url":"https:\/\/puertaaeuropa.com\/","logo":{"@type":"ImageObject","inLanguage":"es","@id":"https:\/\/puertaaeuropa.com\/#\/schema\/logo\/image\/","url":"https:\/\/puertaaeuropa.com\/wp-content\/uploads\/2024\/05\/logo-puerta-a-europa-peque-1.jpeg","contentUrl":"https:\/\/puertaaeuropa.com\/wp-content\/uploads\/2024\/05\/logo-puerta-a-europa-peque-1.jpeg","width":504,"height":441,"caption":"Puerta a Europa"},"image":{"@id":"https:\/\/puertaaeuropa.com\/#\/schema\/logo\/image\/"}}]}},"jetpack_sharing_enabled":true,"_links":{"self":[{"href":"https:\/\/puertaaeuropa.com\/index.php\/wp-json\/wp\/v2\/pages\/289","targetHints":{"allow":["GET"]}}],"collection":[{"href":"https:\/\/puertaaeuropa.com\/index.php\/wp-json\/wp\/v2\/pages"}],"about":[{"href":"https:\/\/puertaaeuropa.com\/index.php\/wp-json\/wp\/v2\/types\/page"}],"author":[{"embeddable":true,"href":"https:\/\/puertaaeuropa.com\/index.php\/wp-json\/wp\/v2\/users\/1"}],"replies":[{"embeddable":true,"href":"https:\/\/puertaaeuropa.com\/index.php\/wp-json\/wp\/v2\/comments?post=289"}],"version-history":[{"count":3,"href":"https:\/\/puertaaeuropa.com\/index.php\/wp-json\/wp\/v2\/pages\/289\/revisions"}],"predecessor-version":[{"id":343,"href":"https:\/\/puertaaeuropa.com\/index.php\/wp-json\/wp\/v2\/pages\/289\/revisions\/343"}],"wp:attachment":[{"href":"https:\/\/puertaaeuropa.com\/index.php\/wp-json\/wp\/v2\/media?parent=289"}],"curies":[{"name":"wp","href":"https:\/\/api.w.org\/{rel}","templated":true}]}}