{"id":295,"date":"2025-09-10T15:22:38","date_gmt":"2025-09-10T14:22:38","guid":{"rendered":"https:\/\/puertaaeuropa.com\/?page_id=295"},"modified":"2025-09-11T11:15:02","modified_gmt":"2025-09-11T10:15:02","slug":"bolsa-de-empleo-iberoamericano","status":"publish","type":"page","link":"https:\/\/puertaaeuropa.com\/index.php\/bolsa-de-empleo-iberoamericano\/","title":{"rendered":"Bolsa de empleo iberoamericano"},"content":{"rendered":"\n<p><em>Un puente entre el talento joven iberoamericano y las empresas en Espa\u00f1a<\/em><\/p>\n\n\n\n<figure class=\"wp-block-image size-full\"><img loading=\"lazy\" decoding=\"async\" width=\"800\" height=\"549\" src=\"https:\/\/puertaaeuropa.com\/wp-content\/uploads\/2025\/09\/medica2.jpg\" alt=\"\" class=\"wp-image-297\" srcset=\"https:\/\/puertaaeuropa.com\/wp-content\/uploads\/2025\/09\/medica2.jpg 800w, https:\/\/puertaaeuropa.com\/wp-content\/uploads\/2025\/09\/medica2-300x206.jpg 300w, https:\/\/puertaaeuropa.com\/wp-content\/uploads\/2025\/09\/medica2-768x527.jpg 768w\" sizes=\"auto, (max-width: 800px) 100vw, 800px\" \/><\/figure>\n\n\n\n<p>La <strong>Bolsa de Empleo Iberoamericano<\/strong> es una iniciativa de UI la Asociaci\u00f3n Universitaria de Postgrado, Formaci\u00f3n Profesional, destinada a ofrecer un espacio de encuentro entre:<\/p>\n\n\n\n<ul class=\"wp-block-list\">\n<li><strong>J\u00f3venes iberoamericanos<\/strong> con formaci\u00f3n, talento y ganas de trabajar en Espa\u00f1a.<\/li>\n\n\n\n<li><strong>Empresas espa\u00f1olas<\/strong> que buscan incorporar trabajadores cualificados y comprometidos.<\/li>\n<\/ul>\n\n\n\n<p><strong>Objetivos<\/strong><\/p>\n\n\n\n<ul class=\"wp-block-list\">\n<li>Impulsar el empleo juvenil iberoamericano en Espa\u00f1a.<\/li>\n\n\n\n<li>Facilitar a las empresas el acceso a perfiles formados y motivados.<\/li>\n\n\n\n<li>Fortalecer los lazos entre Espa\u00f1a y Am\u00e9rica Latina a trav\u00e9s del desarrollo profesional.<\/li>\n<\/ul>\n\n\n\n<p><strong>Funcionamiento<\/strong><\/p>\n\n\n\n<ol class=\"wp-block-list\">\n<li>Los j\u00f3venes interesados registran su curr\u00edculum vitae en la Bolsa de Empleo.<\/li>\n\n\n\n<li>Las empresas que buscan trabajadores cualificados presentan sus ofertas laborales.<\/li>\n\n\n\n<li>La Asociaci\u00f3n act\u00faa como punto de enlace, poniendo en contacto a ambas partes de manera gratuita, transparente y segura.<\/li>\n<\/ol>\n\n\n\n<p>Es una v\u00eda sobre c\u00f3mo buscar trabajo en Europa desde tu pa\u00eds.<\/p>\n","protected":false},"excerpt":{"rendered":"<p>Un puente entre el talento joven iberoamericano y las empresas en Espa\u00f1a La Bolsa de Empleo Iberoamericano es una iniciativa de UI la Asociaci\u00f3n Universitaria de Postgrado, Formaci\u00f3n Profesional, destinada a ofrecer un espacio de encuentro entre: Objetivos Funcionamiento Es una v\u00eda sobre c\u00f3mo buscar trabajo en Europa desde tu pa\u00eds.<\/p>\n","protected":false},"author":1,"featured_media":0,"parent":0,"menu_order":0,"comment_status":"closed","ping_status":"closed","template":"","meta":{"footnotes":""},"class_list":["post-295","page","type-page","status-publish","hentry"],"yoast_head":"<!-- This site is optimized with the Yoast SEO plugin v27.4 - https:\/\/yoast.com\/product\/yoast-seo-wordpress\/ -->\n<title>Bolsa de empleo iberoamericano - Puerta a Europa<\/title>\n<meta name=\"robots\" content=\"index, follow, max-snippet:-1, max-image-preview:large, max-video-preview:-1\" \/>\n<link rel=\"canonical\" href=\"https:\/\/puertaaeuropa.com\/index.php\/bolsa-de-empleo-iberoamericano\/\" \/>\n<meta property=\"og:locale\" content=\"es_ES\" \/>\n<meta property=\"og:type\" content=\"article\" \/>\n<meta property=\"og:title\" content=\"Bolsa de empleo iberoamericano - Puerta a Europa\" \/>\n<meta property=\"og:description\" content=\"Un puente entre el talento joven iberoamericano y las empresas en Espa\u00f1a La Bolsa de Empleo Iberoamericano es una iniciativa de UI la Asociaci\u00f3n Universitaria de Postgrado, Formaci\u00f3n Profesional, destinada a ofrecer un espacio de encuentro entre: Objetivos Funcionamiento Es una v\u00eda sobre c\u00f3mo buscar trabajo en Europa desde tu pa\u00eds.\" \/>\n<meta property=\"og:url\" content=\"https:\/\/puertaaeuropa.com\/index.php\/bolsa-de-empleo-iberoamericano\/\" \/>\n<meta property=\"og:site_name\" content=\"Puerta a Europa\" \/>\n<meta property=\"article:modified_time\" content=\"2025-09-11T10:15:02+00:00\" \/>\n<meta property=\"og:image\" content=\"https:\/\/puertaaeuropa.com\/wp-content\/uploads\/2025\/09\/medica2.jpg\" \/>\n\t<meta property=\"og:image:width\" content=\"800\" \/>\n\t<meta property=\"og:image:height\" content=\"549\" \/>\n\t<meta property=\"og:image:type\" content=\"image\/jpeg\" \/>\n<meta name=\"twitter:card\" content=\"summary_large_image\" \/>\n<meta name=\"twitter:label1\" content=\"Tiempo de lectura\" \/>\n\t<meta name=\"twitter:data1\" content=\"1 minuto\" \/>\n<script type=\"application\/ld+json\" class=\"yoast-schema-graph\">{\"@context\":\"https:\\\/\\\/schema.org\",\"@graph\":[{\"@type\":\"WebPage\",\"@id\":\"https:\\\/\\\/puertaaeuropa.com\\\/index.php\\\/bolsa-de-empleo-iberoamericano\\\/\",\"url\":\"https:\\\/\\\/puertaaeuropa.com\\\/index.php\\\/bolsa-de-empleo-iberoamericano\\\/\",\"name\":\"Bolsa de empleo iberoamericano - Puerta a Europa\",\"isPartOf\":{\"@id\":\"https:\\\/\\\/puertaaeuropa.com\\\/#website\"},\"primaryImageOfPage\":{\"@id\":\"https:\\\/\\\/puertaaeuropa.com\\\/index.php\\\/bolsa-de-empleo-iberoamericano\\\/#primaryimage\"},\"image\":{\"@id\":\"https:\\\/\\\/puertaaeuropa.com\\\/index.php\\\/bolsa-de-empleo-iberoamericano\\\/#primaryimage\"},\"thumbnailUrl\":\"https:\\\/\\\/puertaaeuropa.com\\\/wp-content\\\/uploads\\\/2025\\\/09\\\/medica2.jpg\",\"datePublished\":\"2025-09-10T14:22:38+00:00\",\"dateModified\":\"2025-09-11T10:15:02+00:00\",\"breadcrumb\":{\"@id\":\"https:\\\/\\\/puertaaeuropa.com\\\/index.php\\\/bolsa-de-empleo-iberoamericano\\\/#breadcrumb\"},\"inLanguage\":\"es\",\"potentialAction\":[{\"@type\":\"ReadAction\",\"target\":[\"https:\\\/\\\/puertaaeuropa.com\\\/index.php\\\/bolsa-de-empleo-iberoamericano\\\/\"]}]},{\"@type\":\"ImageObject\",\"inLanguage\":\"es\",\"@id\":\"https:\\\/\\\/puertaaeuropa.com\\\/index.php\\\/bolsa-de-empleo-iberoamericano\\\/#primaryimage\",\"url\":\"https:\\\/\\\/puertaaeuropa.com\\\/wp-content\\\/uploads\\\/2025\\\/09\\\/medica2.jpg\",\"contentUrl\":\"https:\\\/\\\/puertaaeuropa.com\\\/wp-content\\\/uploads\\\/2025\\\/09\\\/medica2.jpg\",\"width\":800,\"height\":549,\"caption\":\"Happy female doctor at the hospital with medical staff at the background looking at the camera and smiling - healthcare and medicine\"},{\"@type\":\"BreadcrumbList\",\"@id\":\"https:\\\/\\\/puertaaeuropa.com\\\/index.php\\\/bolsa-de-empleo-iberoamericano\\\/#breadcrumb\",\"itemListElement\":[{\"@type\":\"ListItem\",\"position\":1,\"name\":\"Portada\",\"item\":\"https:\\\/\\\/puertaaeuropa.com\\\/\"},{\"@type\":\"ListItem\",\"position\":2,\"name\":\"Bolsa de empleo iberoamericano\"}]},{\"@type\":\"WebSite\",\"@id\":\"https:\\\/\\\/puertaaeuropa.com\\\/#website\",\"url\":\"https:\\\/\\\/puertaaeuropa.com\\\/\",\"name\":\"Puerta a Europa\",\"description\":\"Movilidad acad&eacute;mica y profesional para Iberoam&eacute;rica, al estilo del programa Erasmus\",\"publisher\":{\"@id\":\"https:\\\/\\\/puertaaeuropa.com\\\/#organization\"},\"potentialAction\":[{\"@type\":\"SearchAction\",\"target\":{\"@type\":\"EntryPoint\",\"urlTemplate\":\"https:\\\/\\\/puertaaeuropa.com\\\/?s={search_term_string}\"},\"query-input\":{\"@type\":\"PropertyValueSpecification\",\"valueRequired\":true,\"valueName\":\"search_term_string\"}}],\"inLanguage\":\"es\"},{\"@type\":\"Organization\",\"@id\":\"https:\\\/\\\/puertaaeuropa.com\\\/#organization\",\"name\":\"Puerta a Europa\",\"url\":\"https:\\\/\\\/puertaaeuropa.com\\\/\",\"logo\":{\"@type\":\"ImageObject\",\"inLanguage\":\"es\",\"@id\":\"https:\\\/\\\/puertaaeuropa.com\\\/#\\\/schema\\\/logo\\\/image\\\/\",\"url\":\"https:\\\/\\\/puertaaeuropa.com\\\/wp-content\\\/uploads\\\/2024\\\/05\\\/logo-puerta-a-europa-peque-1.jpeg\",\"contentUrl\":\"https:\\\/\\\/puertaaeuropa.com\\\/wp-content\\\/uploads\\\/2024\\\/05\\\/logo-puerta-a-europa-peque-1.jpeg\",\"width\":504,\"height\":441,\"caption\":\"Puerta a Europa\"},\"image\":{\"@id\":\"https:\\\/\\\/puertaaeuropa.com\\\/#\\\/schema\\\/logo\\\/image\\\/\"}}]}<\/script>\n<!-- \/ Yoast SEO plugin. -->","yoast_head_json":{"title":"Bolsa de empleo iberoamericano - Puerta a Europa","robots":{"index":"index","follow":"follow","max-snippet":"max-snippet:-1","max-image-preview":"max-image-preview:large","max-video-preview":"max-video-preview:-1"},"canonical":"https:\/\/puertaaeuropa.com\/index.php\/bolsa-de-empleo-iberoamericano\/","og_locale":"es_ES","og_type":"article","og_title":"Bolsa de empleo iberoamericano - Puerta a Europa","og_description":"Un puente entre el talento joven iberoamericano y las empresas en Espa\u00f1a La Bolsa de Empleo Iberoamericano es una iniciativa de UI la Asociaci\u00f3n Universitaria de Postgrado, Formaci\u00f3n Profesional, destinada a ofrecer un espacio de encuentro entre: Objetivos Funcionamiento Es una v\u00eda sobre c\u00f3mo buscar trabajo en Europa desde tu pa\u00eds.","og_url":"https:\/\/puertaaeuropa.com\/index.php\/bolsa-de-empleo-iberoamericano\/","og_site_name":"Puerta a Europa","article_modified_time":"2025-09-11T10:15:02+00:00","og_image":[{"width":800,"height":549,"url":"https:\/\/puertaaeuropa.com\/wp-content\/uploads\/2025\/09\/medica2.jpg","type":"image\/jpeg"}],"twitter_card":"summary_large_image","twitter_misc":{"Tiempo de lectura":"1 minuto"},"schema":{"@context":"https:\/\/schema.org","@graph":[{"@type":"WebPage","@id":"https:\/\/puertaaeuropa.com\/index.php\/bolsa-de-empleo-iberoamericano\/","url":"https:\/\/puertaaeuropa.com\/index.php\/bolsa-de-empleo-iberoamericano\/","name":"Bolsa de empleo iberoamericano - Puerta a Europa","isPartOf":{"@id":"https:\/\/puertaaeuropa.com\/#website"},"primaryImageOfPage":{"@id":"https:\/\/puertaaeuropa.com\/index.php\/bolsa-de-empleo-iberoamericano\/#primaryimage"},"image":{"@id":"https:\/\/puertaaeuropa.com\/index.php\/bolsa-de-empleo-iberoamericano\/#primaryimage"},"thumbnailUrl":"https:\/\/puertaaeuropa.com\/wp-content\/uploads\/2025\/09\/medica2.jpg","datePublished":"2025-09-10T14:22:38+00:00","dateModified":"2025-09-11T10:15:02+00:00","breadcrumb":{"@id":"https:\/\/puertaaeuropa.com\/index.php\/bolsa-de-empleo-iberoamericano\/#breadcrumb"},"inLanguage":"es","potentialAction":[{"@type":"ReadAction","target":["https:\/\/puertaaeuropa.com\/index.php\/bolsa-de-empleo-iberoamericano\/"]}]},{"@type":"ImageObject","inLanguage":"es","@id":"https:\/\/puertaaeuropa.com\/index.php\/bolsa-de-empleo-iberoamericano\/#primaryimage","url":"https:\/\/puertaaeuropa.com\/wp-content\/uploads\/2025\/09\/medica2.jpg","contentUrl":"https:\/\/puertaaeuropa.com\/wp-content\/uploads\/2025\/09\/medica2.jpg","width":800,"height":549,"caption":"Happy female doctor at the hospital with medical staff at the background looking at the camera and smiling - healthcare and medicine"},{"@type":"BreadcrumbList","@id":"https:\/\/puertaaeuropa.com\/index.php\/bolsa-de-empleo-iberoamericano\/#breadcrumb","itemListElement":[{"@type":"ListItem","position":1,"name":"Portada","item":"https:\/\/puertaaeuropa.com\/"},{"@type":"ListItem","position":2,"name":"Bolsa de empleo iberoamericano"}]},{"@type":"WebSite","@id":"https:\/\/puertaaeuropa.com\/#website","url":"https:\/\/puertaaeuropa.com\/","name":"Puerta a Europa","description":"Movilidad acad&eacute;mica y profesional para Iberoam&eacute;rica, al estilo del programa Erasmus","publisher":{"@id":"https:\/\/puertaaeuropa.com\/#organization"},"potentialAction":[{"@type":"SearchAction","target":{"@type":"EntryPoint","urlTemplate":"https:\/\/puertaaeuropa.com\/?s={search_term_string}"},"query-input":{"@type":"PropertyValueSpecification","valueRequired":true,"valueName":"search_term_string"}}],"inLanguage":"es"},{"@type":"Organization","@id":"https:\/\/puertaaeuropa.com\/#organization","name":"Puerta a Europa","url":"https:\/\/puertaaeuropa.com\/","logo":{"@type":"ImageObject","inLanguage":"es","@id":"https:\/\/puertaaeuropa.com\/#\/schema\/logo\/image\/","url":"https:\/\/puertaaeuropa.com\/wp-content\/uploads\/2024\/05\/logo-puerta-a-europa-peque-1.jpeg","contentUrl":"https:\/\/puertaaeuropa.com\/wp-content\/uploads\/2024\/05\/logo-puerta-a-europa-peque-1.jpeg","width":504,"height":441,"caption":"Puerta a Europa"},"image":{"@id":"https:\/\/puertaaeuropa.com\/#\/schema\/logo\/image\/"}}]}},"jetpack_sharing_enabled":true,"_links":{"self":[{"href":"https:\/\/puertaaeuropa.com\/index.php\/wp-json\/wp\/v2\/pages\/295","targetHints":{"allow":["GET"]}}],"collection":[{"href":"https:\/\/puertaaeuropa.com\/index.php\/wp-json\/wp\/v2\/pages"}],"about":[{"href":"https:\/\/puertaaeuropa.com\/index.php\/wp-json\/wp\/v2\/types\/page"}],"author":[{"embeddable":true,"href":"https:\/\/puertaaeuropa.com\/index.php\/wp-json\/wp\/v2\/users\/1"}],"replies":[{"embeddable":true,"href":"https:\/\/puertaaeuropa.com\/index.php\/wp-json\/wp\/v2\/comments?post=295"}],"version-history":[{"count":2,"href":"https:\/\/puertaaeuropa.com\/index.php\/wp-json\/wp\/v2\/pages\/295\/revisions"}],"predecessor-version":[{"id":304,"href":"https:\/\/puertaaeuropa.com\/index.php\/wp-json\/wp\/v2\/pages\/295\/revisions\/304"}],"wp:attachment":[{"href":"https:\/\/puertaaeuropa.com\/index.php\/wp-json\/wp\/v2\/media?parent=295"}],"curies":[{"name":"wp","href":"https:\/\/api.w.org\/{rel}","templated":true}]}}