{"id":3,"date":"2024-03-13T10:26:54","date_gmt":"2024-03-13T10:26:54","guid":{"rendered":"https:\/\/puertaaeuropa.com\/?page_id=3"},"modified":"2025-09-19T19:59:59","modified_gmt":"2025-09-19T18:59:59","slug":"privacy-policy","status":"publish","type":"page","link":"https:\/\/puertaaeuropa.com\/index.php\/privacy-policy\/","title":{"rendered":"Aviso legal"},"content":{"rendered":"\n<figure class=\"wp-block-image size-full\"><img loading=\"lazy\" decoding=\"async\" width=\"657\" height=\"185\" src=\"https:\/\/puertaaeuropa.com\/wp-content\/uploads\/2025\/09\/banderola-puerta-a-europa.jpg\" alt=\"\" class=\"wp-image-254\" srcset=\"https:\/\/puertaaeuropa.com\/wp-content\/uploads\/2025\/09\/banderola-puerta-a-europa.jpg 657w, https:\/\/puertaaeuropa.com\/wp-content\/uploads\/2025\/09\/banderola-puerta-a-europa-300x84.jpg 300w\" sizes=\"auto, (max-width: 657px) 100vw, 657px\" \/><\/figure>\n\n\n\n<p>Es un programa dise\u00f1ado por UNIVERSITAS IBEROAM\u00c9RICA UI<\/p>\n\n\n\n<p>Los programas de orientaci\u00f3n sobre cursos de postgrado, formaci\u00f3n profesional y pr\u00e1cticas empresariales, as\u00ed como toda la gesti\u00f3n acad\u00e9mica relacionada con la selecci\u00f3n de cursos y la asistencia para el acceso a campus universitarios, centros de formaci\u00f3n profesional, escuelas de negocios y universidades en Espa\u00f1a e Iberoam\u00e9rica, est\u00e1n dirigidos por&nbsp;<strong>UNIVERSITAS IBEROAM\u00c9RICA<\/strong>,&nbsp;<strong>Asociaci\u00f3n Universitaria Hispanoamericana de Postgrado, Formaci\u00f3n Profesional y Pr\u00e1cticas Empresariales<\/strong>.<\/p>\n\n\n\n<p><strong>DATOS DE REGISTRO<\/strong><\/p>\n\n\n\n<p class=\"has-text-align-center\">UNIVERSITAS IBEROAM\u00c9RICA. ASOCIACI\u00d3N UNIVERSITARIA HISPANOAMERICANA DE POSTGRADO, FORMACI\u00d3N PROFESIONAL Y PR\u00c1CTICAS EMPRESARIALES.<\/p>\n\n\n\n<p class=\"has-text-align-center\">Registro de la Junta de Castilla y Le\u00f3n de Asociaciones<br>en Salamanca con el n\u00ba 5280<br>C.I.F.: G-75588939<\/p>\n\n\n\n<p class=\"has-text-align-center\">Telf. + 34 923280510 Ext. 2<br>email:\u00a0<a href=\"mailto:info@puertaaeuropa.com\">info@puertaaeuropa.com<\/a><\/p>\n\n\n\n<p><strong>Pol\u00edtica de privacidad<\/strong><\/p>\n\n\n\n<p><strong>I.- \u00bfQui\u00e9n es el Responsable del tratamiento de sus datos?<\/strong><\/p>\n\n\n\n<p>La presente pol\u00edtica de privacidad (en adelante, la \u00abPol\u00edtica de Privacidad\u00bb) aplica a todos los datos de car\u00e1cter personal que el usuario aporte a la <em>Asociaci\u00f3n <\/em>con motivo de alguna solicitud de informaci\u00f3n realizada o comentario mediante email.<\/p>\n\n\n\n<p>El objetivo de la Pol\u00edtica de Privacidad de la Asociaci\u00f3n es garantizar la m\u00e1xima transparencia sobre el tratamiento de los datos personales, as\u00ed como proteger la informaci\u00f3n en Internet y aquellos datos que el usuario introduzca en la p\u00e1gina web o facilite a trav\u00e9s del correo electr\u00f3nico.<\/p>\n\n\n\n<p>El Usuario podr\u00e1 ponerse en contacto con la Asociaci\u00f3n mediante el <a href=\"email:\u00a0info@puertaaeuropa.com\">email:\u00a0info@puertaaeuropa.com<\/a>\u00a0ante cualquier duda o necesidad que tuviere en materia de protecci\u00f3n de datos.<\/p>\n\n\n\n<p><strong>II.- \u00bfCon qu\u00e9 finalidad tratamos sus datos personales?<\/strong><\/p>\n\n\n\n<p>No disponemos de base de datos alguna, s\u00f3lo el archivo del que dispone Gmail o&nbsp;<a href=\"https:\/\/salamancacollege.eu\/\"><em><strong>Puerta<\/strong><\/em><\/a> a Europa&nbsp;sobre los correos enviados o contestados. La Asociaci\u00f3n no realiza ninguna actividad promocional acerca de ning\u00fan producto o servicio comercial, tan s\u00f3lo se limita a indexar art\u00edculos y opiniones de los profesionales que escriben sobre la accesibilidad para el empleo.<\/p>\n\n\n\n<p><strong>III.- \u00bfPor cu\u00e1nto tiempo conservamos sus datos personales?<\/strong><\/p>\n\n\n\n<p>La Asociaci\u00f3n no conserva datos ni firma contratos con ninguna persona, salvo con sus socios.<\/p>\n\n\n\n<p><strong>IV.- \u00bfQui\u00e9n tiene acceso a sus datos personales?<\/strong><\/p>\n\n\n\n<p>Las personas que contestan los correos son las \u00fanicas que gestionan el correo electr\u00f3nico, no ceden datos a terceras personas que no formen parte del equipo de gesti\u00f3n de informaci\u00f3n.<\/p>\n\n\n\n<p><strong>V.- \u00bfCu\u00e1les son los derechos de los usuarios?<\/strong><\/p>\n\n\n\n<p>Cualquier usuario que nos haya escrito nominativamente tiene la posibilidad que le asiste de ejercitar los derechos de acceso, rectificaci\u00f3n, oposici\u00f3n, supresi\u00f3n, portabilidad y limitaci\u00f3n del tratamiento, as\u00ed como solicitar que se borre su correo. Siempre aconsejamos que nos puedan escribir an\u00f3nimamente o bajo un seud\u00f3nimo, para no ser identificados. El Usuario podr\u00e1 ejercitar los mencionados derechos a trav\u00e9s del correo electr\u00f3nico\u00a0<a href=\"email:\u00a0info@puertaaeuropa.com\">info@puertaaeuropa.com<\/a><\/p>\n\n\n\n<p><strong>VI.- \u00bfA partir de qu\u00e9 edad puede el Usuario escribir o ponerse en contacto con la Asociaci\u00f3n?<\/strong><\/p>\n\n\n\n<p>La web de la Asociaci\u00f3n no se dirige a menores de 18 a\u00f1os. Al aceptar la presente Pol\u00edtica de Privacidad el Usuario declara y garantiza que es mayor de 18 a\u00f1os.<\/p>\n\n\n\n<p><strong>VII.- \u00bfQu\u00e9 medidas de seguridad tenemos implementadas?<\/strong><\/p>\n\n\n\n<p>La Asociaci\u00f3n se compromete al cumplimiento de su obligaci\u00f3n de secreto de los datos de car\u00e1cter personal y de su deber de guardarlos, y adoptar\u00e1 las medidas necesarias para evitar su alteraci\u00f3n, p\u00e9rdida, tratamiento o acceso no autorizado, de acuerdo con lo establecido por normativa aplicable. No obstante, la Asociaci\u00f3n no dispone de una base de datos que no sea el gestor de correo de la empresa Gmail de Google o de&nbsp;<a href=\"https:\/\/www.puertaaeuropa.com\">www.<em>puerta<strong>a<\/strong>europa.com<\/em><\/a><\/p>\n\n\n\n<p>Al ser la principal empresa de comunicaci\u00f3n por internet confiamos en su buen hacer y \u00e9tica.<\/p>\n\n\n\n<p><strong>VIII.- Uso de cookies.<\/strong><\/p>\n\n\n\n<p>Nuestra p\u00e1gina web utiliza cookies para distinguirle a usted de los dem\u00e1s usuarios de nuestro sitio web, lo que nos ayuda a proporcionarle una buena experiencia cuando navega por nuestro sitio web y nos permite asimismo mejorarlo. En cuando al uso de cookies, la Asociaci\u00f3n no presta ning\u00fan servicio comercial, tan s\u00f3lo se limita a informar y proporcionar libre y gratuitamente informaci\u00f3n relevante sobre la legislaci\u00f3n en Espa\u00f1a.<\/p>\n\n\n\n<p><strong>IX.- Enlaces, v\u00ednculos, etc (url&#8217;s, links&#8230;)<\/strong><\/p>\n\n\n\n<p>La p\u00e1gina web de la Asociaci\u00f3n puede incluir hiperv\u00ednculos a otros sitios que no son operados o controlados por la Asociaci\u00f3n. Por ello, la Asociaci\u00f3n no garantiza ni se hace responsable de la licitud, fiabilidad, utilidad, veracidad y actualidad de los contenidos de tales sitios web o de sus pr\u00e1cticas de privacidad. Por favor, antes de proporcionar su informaci\u00f3n personal a estos sitios web ajenos a la Asociaci\u00f3n, tenga en cuenta que su cumplimiento en materia de protecci\u00f3n de datos puede diferir del nuestro.<\/p>\n\n\n\n<p><strong>X.- Modificaci\u00f3n de la Pol\u00edtica de Privacidad.<\/strong><\/p>\n\n\n\n<p>La Asociaci\u00f3n podr\u00e1 modificar su Pol\u00edtica de Privacidad de acuerdo con la legislaci\u00f3n aplicable en cada momento. En todo caso, cualquier modificaci\u00f3n de la Pol\u00edtica de Privacidad le ser\u00e1 debidamente notificada al Usuario para que quede informado de los cambios realizados en el tratamiento de sus datos personales y, en caso de que la normativa aplicable as\u00ed lo exija, el Usuario pueda otorgar su consentimiento.<\/p>\n\n\n\n<figure class=\"wp-block-image size-large\"><img loading=\"lazy\" decoding=\"async\" width=\"1024\" height=\"729\" src=\"https:\/\/puertaaeuropa.com\/wp-content\/uploads\/2024\/04\/fachada-usal-1024x729.jpg\" alt=\"\" class=\"wp-image-199\" srcset=\"https:\/\/puertaaeuropa.com\/wp-content\/uploads\/2024\/04\/fachada-usal-1024x729.jpg 1024w, https:\/\/puertaaeuropa.com\/wp-content\/uploads\/2024\/04\/fachada-usal-300x214.jpg 300w, https:\/\/puertaaeuropa.com\/wp-content\/uploads\/2024\/04\/fachada-usal-768x547.jpg 768w, https:\/\/puertaaeuropa.com\/wp-content\/uploads\/2024\/04\/fachada-usal.jpg 1438w\" sizes=\"auto, (max-width: 1024px) 100vw, 1024px\" \/><\/figure>\n","protected":false},"excerpt":{"rendered":"<p>Es un programa dise\u00f1ado por UNIVERSITAS IBEROAM\u00c9RICA UI Los programas de orientaci\u00f3n sobre cursos de postgrado, formaci\u00f3n profesional y pr\u00e1cticas empresariales, as\u00ed como toda la gesti\u00f3n acad\u00e9mica relacionada con la selecci\u00f3n de cursos y la asistencia para el acceso a campus universitarios, centros de formaci\u00f3n profesional, escuelas de negocios y universidades en Espa\u00f1a e Iberoam\u00e9rica, [&hellip;]<\/p>\n","protected":false},"author":1,"featured_media":0,"parent":0,"menu_order":0,"comment_status":"closed","ping_status":"open","template":"","meta":{"footnotes":""},"class_list":["post-3","page","type-page","status-publish","hentry"],"yoast_head":"<!-- This site is optimized with the Yoast SEO plugin v27.4 - https:\/\/yoast.com\/product\/yoast-seo-wordpress\/ -->\n<title>Aviso legal - Puerta a Europa<\/title>\n<meta name=\"robots\" content=\"index, follow, max-snippet:-1, max-image-preview:large, max-video-preview:-1\" \/>\n<link rel=\"canonical\" href=\"https:\/\/puertaaeuropa.com\/index.php\/privacy-policy\/\" \/>\n<meta property=\"og:locale\" content=\"es_ES\" \/>\n<meta property=\"og:type\" content=\"article\" \/>\n<meta property=\"og:title\" content=\"Aviso legal - Puerta a Europa\" \/>\n<meta property=\"og:description\" content=\"Es un programa dise\u00f1ado por UNIVERSITAS IBEROAM\u00c9RICA UI Los programas de orientaci\u00f3n sobre cursos de postgrado, formaci\u00f3n profesional y pr\u00e1cticas empresariales, as\u00ed como toda la gesti\u00f3n acad\u00e9mica relacionada con la selecci\u00f3n de cursos y la asistencia para el acceso a campus universitarios, centros de formaci\u00f3n profesional, escuelas de negocios y universidades en Espa\u00f1a e Iberoam\u00e9rica, [&hellip;]\" \/>\n<meta property=\"og:url\" content=\"https:\/\/puertaaeuropa.com\/index.php\/privacy-policy\/\" \/>\n<meta property=\"og:site_name\" content=\"Puerta a Europa\" \/>\n<meta property=\"article:modified_time\" content=\"2025-09-19T18:59:59+00:00\" \/>\n<meta property=\"og:image\" content=\"https:\/\/puertaaeuropa.com\/wp-content\/uploads\/2025\/09\/banderola-puerta-a-europa.jpg\" \/>\n\t<meta property=\"og:image:width\" content=\"657\" \/>\n\t<meta property=\"og:image:height\" content=\"185\" \/>\n\t<meta property=\"og:image:type\" content=\"image\/jpeg\" \/>\n<meta name=\"twitter:card\" content=\"summary_large_image\" \/>\n<meta name=\"twitter:label1\" content=\"Tiempo de lectura\" \/>\n\t<meta name=\"twitter:data1\" content=\"5 minutos\" \/>\n<script type=\"application\/ld+json\" class=\"yoast-schema-graph\">{\"@context\":\"https:\\\/\\\/schema.org\",\"@graph\":[{\"@type\":\"WebPage\",\"@id\":\"https:\\\/\\\/puertaaeuropa.com\\\/index.php\\\/privacy-policy\\\/\",\"url\":\"https:\\\/\\\/puertaaeuropa.com\\\/index.php\\\/privacy-policy\\\/\",\"name\":\"Aviso legal - Puerta a Europa\",\"isPartOf\":{\"@id\":\"https:\\\/\\\/puertaaeuropa.com\\\/#website\"},\"primaryImageOfPage\":{\"@id\":\"https:\\\/\\\/puertaaeuropa.com\\\/index.php\\\/privacy-policy\\\/#primaryimage\"},\"image\":{\"@id\":\"https:\\\/\\\/puertaaeuropa.com\\\/index.php\\\/privacy-policy\\\/#primaryimage\"},\"thumbnailUrl\":\"https:\\\/\\\/puertaaeuropa.com\\\/wp-content\\\/uploads\\\/2025\\\/09\\\/banderola-puerta-a-europa.jpg\",\"datePublished\":\"2024-03-13T10:26:54+00:00\",\"dateModified\":\"2025-09-19T18:59:59+00:00\",\"breadcrumb\":{\"@id\":\"https:\\\/\\\/puertaaeuropa.com\\\/index.php\\\/privacy-policy\\\/#breadcrumb\"},\"inLanguage\":\"es\",\"potentialAction\":[{\"@type\":\"ReadAction\",\"target\":[\"https:\\\/\\\/puertaaeuropa.com\\\/index.php\\\/privacy-policy\\\/\"]}]},{\"@type\":\"ImageObject\",\"inLanguage\":\"es\",\"@id\":\"https:\\\/\\\/puertaaeuropa.com\\\/index.php\\\/privacy-policy\\\/#primaryimage\",\"url\":\"https:\\\/\\\/puertaaeuropa.com\\\/wp-content\\\/uploads\\\/2025\\\/09\\\/banderola-puerta-a-europa.jpg\",\"contentUrl\":\"https:\\\/\\\/puertaaeuropa.com\\\/wp-content\\\/uploads\\\/2025\\\/09\\\/banderola-puerta-a-europa.jpg\",\"width\":657,\"height\":185},{\"@type\":\"BreadcrumbList\",\"@id\":\"https:\\\/\\\/puertaaeuropa.com\\\/index.php\\\/privacy-policy\\\/#breadcrumb\",\"itemListElement\":[{\"@type\":\"ListItem\",\"position\":1,\"name\":\"Portada\",\"item\":\"https:\\\/\\\/puertaaeuropa.com\\\/\"},{\"@type\":\"ListItem\",\"position\":2,\"name\":\"Aviso legal\"}]},{\"@type\":\"WebSite\",\"@id\":\"https:\\\/\\\/puertaaeuropa.com\\\/#website\",\"url\":\"https:\\\/\\\/puertaaeuropa.com\\\/\",\"name\":\"Puerta a Europa\",\"description\":\"Movilidad acad&eacute;mica y profesional para Iberoam&eacute;rica, al estilo del programa Erasmus\",\"publisher\":{\"@id\":\"https:\\\/\\\/puertaaeuropa.com\\\/#organization\"},\"potentialAction\":[{\"@type\":\"SearchAction\",\"target\":{\"@type\":\"EntryPoint\",\"urlTemplate\":\"https:\\\/\\\/puertaaeuropa.com\\\/?s={search_term_string}\"},\"query-input\":{\"@type\":\"PropertyValueSpecification\",\"valueRequired\":true,\"valueName\":\"search_term_string\"}}],\"inLanguage\":\"es\"},{\"@type\":\"Organization\",\"@id\":\"https:\\\/\\\/puertaaeuropa.com\\\/#organization\",\"name\":\"Puerta a Europa\",\"url\":\"https:\\\/\\\/puertaaeuropa.com\\\/\",\"logo\":{\"@type\":\"ImageObject\",\"inLanguage\":\"es\",\"@id\":\"https:\\\/\\\/puertaaeuropa.com\\\/#\\\/schema\\\/logo\\\/image\\\/\",\"url\":\"https:\\\/\\\/puertaaeuropa.com\\\/wp-content\\\/uploads\\\/2024\\\/05\\\/logo-puerta-a-europa-peque-1.jpeg\",\"contentUrl\":\"https:\\\/\\\/puertaaeuropa.com\\\/wp-content\\\/uploads\\\/2024\\\/05\\\/logo-puerta-a-europa-peque-1.jpeg\",\"width\":504,\"height\":441,\"caption\":\"Puerta a Europa\"},\"image\":{\"@id\":\"https:\\\/\\\/puertaaeuropa.com\\\/#\\\/schema\\\/logo\\\/image\\\/\"}}]}<\/script>\n<!-- \/ Yoast SEO plugin. -->","yoast_head_json":{"title":"Aviso legal - Puerta a Europa","robots":{"index":"index","follow":"follow","max-snippet":"max-snippet:-1","max-image-preview":"max-image-preview:large","max-video-preview":"max-video-preview:-1"},"canonical":"https:\/\/puertaaeuropa.com\/index.php\/privacy-policy\/","og_locale":"es_ES","og_type":"article","og_title":"Aviso legal - Puerta a Europa","og_description":"Es un programa dise\u00f1ado por UNIVERSITAS IBEROAM\u00c9RICA UI Los programas de orientaci\u00f3n sobre cursos de postgrado, formaci\u00f3n profesional y pr\u00e1cticas empresariales, as\u00ed como toda la gesti\u00f3n acad\u00e9mica relacionada con la selecci\u00f3n de cursos y la asistencia para el acceso a campus universitarios, centros de formaci\u00f3n profesional, escuelas de negocios y universidades en Espa\u00f1a e Iberoam\u00e9rica, [&hellip;]","og_url":"https:\/\/puertaaeuropa.com\/index.php\/privacy-policy\/","og_site_name":"Puerta a Europa","article_modified_time":"2025-09-19T18:59:59+00:00","og_image":[{"width":657,"height":185,"url":"https:\/\/puertaaeuropa.com\/wp-content\/uploads\/2025\/09\/banderola-puerta-a-europa.jpg","type":"image\/jpeg"}],"twitter_card":"summary_large_image","twitter_misc":{"Tiempo de lectura":"5 minutos"},"schema":{"@context":"https:\/\/schema.org","@graph":[{"@type":"WebPage","@id":"https:\/\/puertaaeuropa.com\/index.php\/privacy-policy\/","url":"https:\/\/puertaaeuropa.com\/index.php\/privacy-policy\/","name":"Aviso legal - Puerta a Europa","isPartOf":{"@id":"https:\/\/puertaaeuropa.com\/#website"},"primaryImageOfPage":{"@id":"https:\/\/puertaaeuropa.com\/index.php\/privacy-policy\/#primaryimage"},"image":{"@id":"https:\/\/puertaaeuropa.com\/index.php\/privacy-policy\/#primaryimage"},"thumbnailUrl":"https:\/\/puertaaeuropa.com\/wp-content\/uploads\/2025\/09\/banderola-puerta-a-europa.jpg","datePublished":"2024-03-13T10:26:54+00:00","dateModified":"2025-09-19T18:59:59+00:00","breadcrumb":{"@id":"https:\/\/puertaaeuropa.com\/index.php\/privacy-policy\/#breadcrumb"},"inLanguage":"es","potentialAction":[{"@type":"ReadAction","target":["https:\/\/puertaaeuropa.com\/index.php\/privacy-policy\/"]}]},{"@type":"ImageObject","inLanguage":"es","@id":"https:\/\/puertaaeuropa.com\/index.php\/privacy-policy\/#primaryimage","url":"https:\/\/puertaaeuropa.com\/wp-content\/uploads\/2025\/09\/banderola-puerta-a-europa.jpg","contentUrl":"https:\/\/puertaaeuropa.com\/wp-content\/uploads\/2025\/09\/banderola-puerta-a-europa.jpg","width":657,"height":185},{"@type":"BreadcrumbList","@id":"https:\/\/puertaaeuropa.com\/index.php\/privacy-policy\/#breadcrumb","itemListElement":[{"@type":"ListItem","position":1,"name":"Portada","item":"https:\/\/puertaaeuropa.com\/"},{"@type":"ListItem","position":2,"name":"Aviso legal"}]},{"@type":"WebSite","@id":"https:\/\/puertaaeuropa.com\/#website","url":"https:\/\/puertaaeuropa.com\/","name":"Puerta a Europa","description":"Movilidad acad&eacute;mica y profesional para Iberoam&eacute;rica, al estilo del programa Erasmus","publisher":{"@id":"https:\/\/puertaaeuropa.com\/#organization"},"potentialAction":[{"@type":"SearchAction","target":{"@type":"EntryPoint","urlTemplate":"https:\/\/puertaaeuropa.com\/?s={search_term_string}"},"query-input":{"@type":"PropertyValueSpecification","valueRequired":true,"valueName":"search_term_string"}}],"inLanguage":"es"},{"@type":"Organization","@id":"https:\/\/puertaaeuropa.com\/#organization","name":"Puerta a Europa","url":"https:\/\/puertaaeuropa.com\/","logo":{"@type":"ImageObject","inLanguage":"es","@id":"https:\/\/puertaaeuropa.com\/#\/schema\/logo\/image\/","url":"https:\/\/puertaaeuropa.com\/wp-content\/uploads\/2024\/05\/logo-puerta-a-europa-peque-1.jpeg","contentUrl":"https:\/\/puertaaeuropa.com\/wp-content\/uploads\/2024\/05\/logo-puerta-a-europa-peque-1.jpeg","width":504,"height":441,"caption":"Puerta a Europa"},"image":{"@id":"https:\/\/puertaaeuropa.com\/#\/schema\/logo\/image\/"}}]}},"jetpack_sharing_enabled":true,"_links":{"self":[{"href":"https:\/\/puertaaeuropa.com\/index.php\/wp-json\/wp\/v2\/pages\/3","targetHints":{"allow":["GET"]}}],"collection":[{"href":"https:\/\/puertaaeuropa.com\/index.php\/wp-json\/wp\/v2\/pages"}],"about":[{"href":"https:\/\/puertaaeuropa.com\/index.php\/wp-json\/wp\/v2\/types\/page"}],"author":[{"embeddable":true,"href":"https:\/\/puertaaeuropa.com\/index.php\/wp-json\/wp\/v2\/users\/1"}],"replies":[{"embeddable":true,"href":"https:\/\/puertaaeuropa.com\/index.php\/wp-json\/wp\/v2\/comments?post=3"}],"version-history":[{"count":10,"href":"https:\/\/puertaaeuropa.com\/index.php\/wp-json\/wp\/v2\/pages\/3\/revisions"}],"predecessor-version":[{"id":345,"href":"https:\/\/puertaaeuropa.com\/index.php\/wp-json\/wp\/v2\/pages\/3\/revisions\/345"}],"wp:attachment":[{"href":"https:\/\/puertaaeuropa.com\/index.php\/wp-json\/wp\/v2\/media?parent=3"}],"curies":[{"name":"wp","href":"https:\/\/api.w.org\/{rel}","templated":true}]}}