{"id":33,"date":"2024-03-14T11:10:30","date_gmt":"2024-03-14T11:10:30","guid":{"rendered":"https:\/\/puertaaeuropa.com\/?page_id=33"},"modified":"2025-09-23T00:08:10","modified_gmt":"2025-09-22T23:08:10","slug":"formacion-on-line-en-salamanca","status":"publish","type":"page","link":"https:\/\/puertaaeuropa.com\/index.php\/formacion-on-line-en-salamanca\/","title":{"rendered":"Campus Iberoamericano de formaci\u00f3n a Distancia"},"content":{"rendered":"\n<figure class=\"wp-block-image size-full\"><img loading=\"lazy\" decoding=\"async\" width=\"1371\" height=\"881\" src=\"https:\/\/puertaaeuropa.com\/wp-content\/uploads\/2024\/04\/anaya.jpg\" alt=\"\" class=\"wp-image-181\" srcset=\"https:\/\/puertaaeuropa.com\/wp-content\/uploads\/2024\/04\/anaya.jpg 1371w, https:\/\/puertaaeuropa.com\/wp-content\/uploads\/2024\/04\/anaya-300x193.jpg 300w, https:\/\/puertaaeuropa.com\/wp-content\/uploads\/2024\/04\/anaya-1024x658.jpg 1024w, https:\/\/puertaaeuropa.com\/wp-content\/uploads\/2024\/04\/anaya-768x494.jpg 768w\" sizes=\"auto, (max-width: 1371px) 100vw, 1371px\" \/><\/figure>\n\n\n\n<p>Nuestros cursos de Formaci\u00f3n en el Campo Virtual de ense\u00f1anza, abarca cuatro \u00c1reas de formaci\u00f3n:<\/p>\n\n\n\n<ol class=\"wp-block-list is-style-default\">\n<li><strong>Administraci\u00f3n y Econom\u00eda<\/strong><\/li>\n\n\n\n<li><strong>Atenci\u00f3n a las personas de la Tercera Edad<\/strong><\/li>\n\n\n\n<li><strong>Atenci\u00f3n Sanitaria y socio-sanitaria<\/strong><\/li>\n\n\n\n<li><strong>Formaci\u00f3n relacionada con mascotas<\/strong><\/li>\n<\/ol>\n\n\n\n<p>Todos los cursos contar\u00e1n con un mentor, que le informara sobre la posibilidad de estancias formativas en empresas y pr\u00e1cticas.<\/p>\n\n\n\n<p>Para ampliar la informaci\u00f3n de cada uno de los cursos no hay m\u00e1s que hacer clic en el nombre para poder visualizar un archivo en formato pdf donde se especifican los objetivos, temarios y dem\u00e1s.<\/p>\n\n\n\n<p>El proceso de inscripci\u00f3n es f\u00e1cil y seguro. Puedes inscribirte en cualquier curso siguiendo las instrucciones que se encuentran en <a href=\"https:\/\/puertaaeuropa.com\/index.php\/preguntas-frecuentes\/\">Preguntas frecuentes<\/a>.<\/p>\n\n\n\n<p>Tras ello podr\u00e1s acceder al <a href=\"https:\/\/campus.puertaaeuropa.com\">Campus virtual<\/a> para realizarlos.<\/p>\n\n\n\n<figure class=\"wp-block-image aligncenter size-large is-resized\"><img loading=\"lazy\" decoding=\"async\" width=\"1024\" height=\"432\" src=\"https:\/\/puertaaeuropa.com\/wp-content\/uploads\/2024\/04\/llave-1024x432.png\" alt=\"\" class=\"wp-image-172\" style=\"width:303px;height:auto\" srcset=\"https:\/\/puertaaeuropa.com\/wp-content\/uploads\/2024\/04\/llave-1024x432.png 1024w, https:\/\/puertaaeuropa.com\/wp-content\/uploads\/2024\/04\/llave-300x127.png 300w, https:\/\/puertaaeuropa.com\/wp-content\/uploads\/2024\/04\/llave-768x324.png 768w, https:\/\/puertaaeuropa.com\/wp-content\/uploads\/2024\/04\/llave.png 1280w\" sizes=\"auto, (max-width: 1024px) 100vw, 1024px\" \/><\/figure>\n\n\n\n<p><strong>CURSOS DISPONIBLES ACTUALMENTE<\/strong><\/p>\n\n\n\n<p><strong>ADMINISTRACI\u00d3N \/ ECONOM\u00cdA<\/strong><\/p>\n\n\n\n<ul class=\"wp-block-list\">\n<li><a href=\"https:\/\/puertaaeuropa.com\/temarios\/ECO01.pdf\">DIRECCI\u00d3N Y GESTI\u00d3N DE AGENCIAS DE VIAJE (c\u00f3digo ECO 01)<\/a><\/li>\n\n\n\n<li><a href=\"https:\/\/puertaaeuropa.com\/temarios\/ECO02.pdf\">DIRECCI\u00d3N Y GESTI\u00d3N DE AGENCIAS INMOBILIARIAS (c\u00f3digo ECO 02)<\/a><\/li>\n\n\n\n<li><a href=\"https:\/\/puertaaeuropa.com\/temarios\/ECO03.pdf\">DIRECCI\u00d3N Y GESTI\u00d3N DE COMUNIDADES VIRTUALES (c\u00f3digo ECO 03)<\/a><\/li>\n\n\n\n<li><a href=\"https:\/\/puertaaeuropa.com\/temarios\/ECO04.pdf\">DIRECCI\u00d3N Y GESTI\u00d3N DE EMPRESAS DE LIMPIEZA (c\u00f3digo curso ECO 04)<\/a><\/li>\n\n\n\n<li><a href=\"https:\/\/puertaaeuropa.com\/temarios\/ECO05.pdf\">DIRECCI\u00d3N Y GESTI\u00d3N DE EMPRESAS DE SERVICIOS TUR\u00cdSTICOS (c\u00f3digo ECO 05)<\/a><\/li>\n\n\n\n<li><a href=\"https:\/\/puertaaeuropa.com\/temarios\/ECO06.pdf\">DIRECCI\u00d3N Y GESTI\u00d3N DE EMPRESAS DE TRANSPORTE (c\u00f3digo ECO 06)<\/a><\/li>\n\n\n\n<li><a href=\"https:\/\/puertaaeuropa.com\/temarios\/ECO07.pdf\">DIRECCI\u00d3N Y GESTI\u00d3N DE ESTABLECIMIENTOS COMERCIALES (c\u00f3digo ECO 07)<\/a><\/li>\n\n\n\n<li><a href=\"https:\/\/puertaaeuropa.com\/temarios\/ECO08.pdf\">DIRECCI\u00d3N Y GESTI\u00d3N DE HOTELES (c\u00f3digo ECO 08)<\/a><\/li>\n\n\n\n<li><a href=\"https:\/\/puertaaeuropa.com\/temarios\/ECO09.pdf\">DIRECCI\u00d3N Y GESTI\u00d3N DE MARKETING ONLINE (c\u00f3digo ECO 09)<\/a><\/li>\n\n\n\n<li><a href=\"https:\/\/puertaaeuropa.com\/temarios\/ECO10.pdf\">DIRECCI\u00d3N Y GESTI\u00d3N DE PUBLICIDAD (c\u00f3digo ECO 10)<\/a><\/li>\n<\/ul>\n\n\n\n<ul class=\"wp-block-list\">\n<li><a href=\"https:\/\/puertaaeuropa.com\/temarios\/GES01.pdf\">ACTIVIDADES DE GESTI\u00d3N ADMINISTRATIVA (c\u00f3digo GES 01)<\/a><\/li>\n\n\n\n<li><a href=\"https:\/\/puertaaeuropa.com\/temarios\/GES02.pdf\">DIRECCI\u00d3N Y GESTI\u00d3N DE RECURSOS HUMANOS (c\u00f3digo GES 02)<\/a><\/li>\n\n\n\n<li><a href=\"https:\/\/puertaaeuropa.com\/temarios\/GES03.pdf\">DIRECCI\u00d3N Y GESTI\u00d3N DE RELACIONES P\u00daBLICAS (c\u00f3digo GES 03)<\/a><\/li>\n\n\n\n<li><a href=\"https:\/\/puertaaeuropa.com\/temarios\/GES04.pdf\">T\u00c9CNICO EN PUBLICIDAD (c\u00f3digo GES 04)<\/a><\/li>\n<\/ul>\n\n\n\n<p><strong>ATENCI\u00d3N A LA TERCERA EDAD<\/strong><\/p>\n\n\n\n<ul class=\"wp-block-list\">\n<li><a href=\"https:\/\/puertaaeuropa.com\/temarios\/TER01.pdf\">AUXILIAR DE AYUDA A DOMICILIO (c\u00f3digo TER 01)<\/a><\/li>\n\n\n\n<li><a href=\"https:\/\/puertaaeuropa.com\/temarios\/TER02.pdf\">AUXILIAR DE GERIATR\u00cdA Y GERONTOLOG\u00cdA (c\u00f3digo TER 02)<\/a><\/li>\n\n\n\n<li><a href=\"https:\/\/puertaaeuropa.com\/temarios\/TER03.pdf\">DIRECCI\u00d3N Y GESTI\u00d3N DE RESIDENCIAS GERI\u00c1TRICAS (c\u00f3digo TER 03)<\/a><\/li>\n<\/ul>\n\n\n\n<p><strong>ATENCI\u00d3N SANITARIA Y SOCIO-SANITARIA<\/strong><\/p>\n\n\n\n<ul class=\"wp-block-list\">\n<li><a href=\"https:\/\/puertaaeuropa.com\/temarios\/SANI01.pdf\">AUXILIAR DE ENFERMER\u00cdA (c\u00f3digo SANI 01)<\/a><\/li>\n\n\n\n<li><a href=\"https:\/\/puertaaeuropa.com\/temarios\/SANI02.pdf\">AUXILIAR DE FARMACIA Y PARAFARMACIA (c\u00f3digo SANI 02)<\/a><\/li>\n\n\n\n<li><a href=\"https:\/\/puertaaeuropa.com\/temarios\/SANI03.pdf\">AUXILIAR DE ODONTOLOG\u00cdA (c\u00f3digo SANI 03)<\/a><\/li>\n\n\n\n<li><a href=\"https:\/\/puertaaeuropa.com\/temarios\/SANI04.pdf\">DIRECCI\u00d3N Y GESTI\u00d3N DE CL\u00cdNICAS ODONTOL\u00d3GICAS (c\u00f3digo SANI 04)<\/a><\/li>\n\n\n\n<li><a href=\"https:\/\/puertaaeuropa.com\/temarios\/SANI05.pdf\">SECRETARIADO M\u00c9DICO (c\u00f3digo SANI 05)<\/a><\/li>\n\n\n\n<li><a href=\"https:\/\/puertaaeuropa.com\/temarios\/SANI06.pdf\">VISITADOR FARMAC\u00c9UTICO (c\u00f3digo SANI 06)<\/a><\/li>\n\n\n\n<li><a href=\"https:\/\/puertaaeuropa.com\/temarios\/SANI07.pdf\">VISITADOR M\u00c9DICO (c\u00f3digo SANI 07)<\/a><\/li>\n<\/ul>\n\n\n\n<p><strong>MASCOTAS<\/strong><\/p>\n\n\n\n<ul class=\"wp-block-list\">\n<li><a href=\"https:\/\/puertaaeuropa.com\/temarios\/MAS01.pdf\">AUXILIAR DE CL\u00cdNICA VETERINARIA (c\u00f3digo MAS 01)<\/a><\/li>\n\n\n\n<li><a href=\"https:\/\/puertaaeuropa.com\/temarios\/MAS02.pdf\">AYUDANTE T\u00c9CNICO VETERINARIO (c\u00f3digo MAS 02)<\/a><\/li>\n\n\n\n<li><a href=\"https:\/\/puertaaeuropa.com\/temarios\/MAS03.pdf\">PELUQUER\u00cdA CANINA (c\u00f3digo MAS 03)<\/a><\/li>\n<\/ul>\n\n\n\n<p>En el futuro se ir\u00e1 completando la oferta de cursos con nuevas \u00e1reas de conocimiento y tambi\u00e9n se ampliar\u00e1 el n\u00famero de cursos posibles dentro de cada una de la \u00e1reas.<\/p>\n\n\n\n<figure class=\"wp-block-image size-full\"><img loading=\"lazy\" decoding=\"async\" width=\"792\" height=\"583\" src=\"https:\/\/puertaaeuropa.com\/wp-content\/uploads\/2025\/09\/IUNIF.jpg\" alt=\"\" class=\"wp-image-346\" srcset=\"https:\/\/puertaaeuropa.com\/wp-content\/uploads\/2025\/09\/IUNIF.jpg 792w, https:\/\/puertaaeuropa.com\/wp-content\/uploads\/2025\/09\/IUNIF-300x221.jpg 300w, https:\/\/puertaaeuropa.com\/wp-content\/uploads\/2025\/09\/IUNIF-768x565.jpg 768w\" sizes=\"auto, (max-width: 792px) 100vw, 792px\" \/><\/figure>\n\n\n\n<p><strong>ESTUDIAR EN MADRID<\/strong><\/p>\n\n\n\n<p>Si vienes a estudiar a Madrid de forma presencial a trav\u00e9s de nuestro programa Andr\u00e9s Bello+, podr\u00e1s acceder a los cursos de posgrado en modalidad mixta (presencial y virtual) de la IUNIT (centro adscrito a la Universidad Rey Juan Carlos) y recibir tu t\u00edtulo en Espa\u00f1a. Estos posgrados y programas de especializaci\u00f3n universitaria se centran fundamentalmente en la Administraci\u00f3n y Direcci\u00f3n de Empresas. Para m\u00e1s informaci\u00f3n sobre otros cursos ajenos al programa Andr\u00e9s Bello+ que se imparten en Madrid, debes contactar directamente con la IUNIT en su web <a href=\"https:\/\/iunit.edu.es\/\">https:\/\/iunit.edu.es<\/a><\/p>\n\n\n\n<p><strong>Los alumnos de posgrado que se desplacen a Madrid para cursar estos estudios universitarios y cuenten con el permiso de larga duraci\u00f3n concedido por la Delegaci\u00f3n del Gobierno por raz\u00f3n de estudios quedan autorizados para trabajar en la Comunidad de Madrid y sus alrededores (art. 57 del Real Decreto 1155\/2024).<\/strong><\/p>\n","protected":false},"excerpt":{"rendered":"<p>Nuestros cursos de Formaci\u00f3n en el Campo Virtual de ense\u00f1anza, abarca cuatro \u00c1reas de formaci\u00f3n: Todos los cursos contar\u00e1n con un mentor, que le informara sobre la posibilidad de estancias formativas en empresas y pr\u00e1cticas. Para ampliar la informaci\u00f3n de cada uno de los cursos no hay m\u00e1s que hacer clic en el nombre para [&hellip;]<\/p>\n","protected":false},"author":1,"featured_media":0,"parent":0,"menu_order":0,"comment_status":"closed","ping_status":"closed","template":"","meta":{"footnotes":""},"class_list":["post-33","page","type-page","status-publish","hentry"],"yoast_head":"<!-- This site is optimized with the Yoast SEO plugin v27.4 - https:\/\/yoast.com\/product\/yoast-seo-wordpress\/ -->\n<title>Campus Iberoamericano de formaci\u00f3n a Distancia - Puerta a Europa<\/title>\n<meta name=\"robots\" content=\"index, follow, max-snippet:-1, max-image-preview:large, max-video-preview:-1\" \/>\n<link rel=\"canonical\" href=\"https:\/\/puertaaeuropa.com\/index.php\/formacion-on-line-en-salamanca\/\" \/>\n<meta property=\"og:locale\" content=\"es_ES\" \/>\n<meta property=\"og:type\" content=\"article\" \/>\n<meta property=\"og:title\" content=\"Campus Iberoamericano de formaci\u00f3n a Distancia - Puerta a Europa\" \/>\n<meta property=\"og:description\" content=\"Nuestros cursos de Formaci\u00f3n en el Campo Virtual de ense\u00f1anza, abarca cuatro \u00c1reas de formaci\u00f3n: Todos los cursos contar\u00e1n con un mentor, que le informara sobre la posibilidad de estancias formativas en empresas y pr\u00e1cticas. Para ampliar la informaci\u00f3n de cada uno de los cursos no hay m\u00e1s que hacer clic en el nombre para [&hellip;]\" \/>\n<meta property=\"og:url\" content=\"https:\/\/puertaaeuropa.com\/index.php\/formacion-on-line-en-salamanca\/\" \/>\n<meta property=\"og:site_name\" content=\"Puerta a Europa\" \/>\n<meta property=\"article:modified_time\" content=\"2025-09-22T23:08:10+00:00\" \/>\n<meta property=\"og:image\" content=\"https:\/\/puertaaeuropa.com\/wp-content\/uploads\/2024\/04\/anaya.jpg\" \/>\n\t<meta property=\"og:image:width\" content=\"1371\" \/>\n\t<meta property=\"og:image:height\" content=\"881\" \/>\n\t<meta property=\"og:image:type\" content=\"image\/jpeg\" \/>\n<meta name=\"twitter:card\" content=\"summary_large_image\" \/>\n<meta name=\"twitter:label1\" content=\"Tiempo de lectura\" \/>\n\t<meta name=\"twitter:data1\" content=\"3 minutos\" \/>\n<script type=\"application\/ld+json\" class=\"yoast-schema-graph\">{\"@context\":\"https:\\\/\\\/schema.org\",\"@graph\":[{\"@type\":\"WebPage\",\"@id\":\"https:\\\/\\\/puertaaeuropa.com\\\/index.php\\\/formacion-on-line-en-salamanca\\\/\",\"url\":\"https:\\\/\\\/puertaaeuropa.com\\\/index.php\\\/formacion-on-line-en-salamanca\\\/\",\"name\":\"Campus Iberoamericano de formaci\u00f3n a Distancia - Puerta a Europa\",\"isPartOf\":{\"@id\":\"https:\\\/\\\/puertaaeuropa.com\\\/#website\"},\"primaryImageOfPage\":{\"@id\":\"https:\\\/\\\/puertaaeuropa.com\\\/index.php\\\/formacion-on-line-en-salamanca\\\/#primaryimage\"},\"image\":{\"@id\":\"https:\\\/\\\/puertaaeuropa.com\\\/index.php\\\/formacion-on-line-en-salamanca\\\/#primaryimage\"},\"thumbnailUrl\":\"https:\\\/\\\/puertaaeuropa.com\\\/wp-content\\\/uploads\\\/2024\\\/04\\\/anaya.jpg\",\"datePublished\":\"2024-03-14T11:10:30+00:00\",\"dateModified\":\"2025-09-22T23:08:10+00:00\",\"breadcrumb\":{\"@id\":\"https:\\\/\\\/puertaaeuropa.com\\\/index.php\\\/formacion-on-line-en-salamanca\\\/#breadcrumb\"},\"inLanguage\":\"es\",\"potentialAction\":[{\"@type\":\"ReadAction\",\"target\":[\"https:\\\/\\\/puertaaeuropa.com\\\/index.php\\\/formacion-on-line-en-salamanca\\\/\"]}]},{\"@type\":\"ImageObject\",\"inLanguage\":\"es\",\"@id\":\"https:\\\/\\\/puertaaeuropa.com\\\/index.php\\\/formacion-on-line-en-salamanca\\\/#primaryimage\",\"url\":\"https:\\\/\\\/puertaaeuropa.com\\\/wp-content\\\/uploads\\\/2024\\\/04\\\/anaya.jpg\",\"contentUrl\":\"https:\\\/\\\/puertaaeuropa.com\\\/wp-content\\\/uploads\\\/2024\\\/04\\\/anaya.jpg\",\"width\":1371,\"height\":881},{\"@type\":\"BreadcrumbList\",\"@id\":\"https:\\\/\\\/puertaaeuropa.com\\\/index.php\\\/formacion-on-line-en-salamanca\\\/#breadcrumb\",\"itemListElement\":[{\"@type\":\"ListItem\",\"position\":1,\"name\":\"Portada\",\"item\":\"https:\\\/\\\/puertaaeuropa.com\\\/\"},{\"@type\":\"ListItem\",\"position\":2,\"name\":\"Campus Iberoamericano de formaci\u00f3n a Distancia\"}]},{\"@type\":\"WebSite\",\"@id\":\"https:\\\/\\\/puertaaeuropa.com\\\/#website\",\"url\":\"https:\\\/\\\/puertaaeuropa.com\\\/\",\"name\":\"Puerta a Europa\",\"description\":\"Movilidad acad&eacute;mica y profesional para Iberoam&eacute;rica, al estilo del programa Erasmus\",\"publisher\":{\"@id\":\"https:\\\/\\\/puertaaeuropa.com\\\/#organization\"},\"potentialAction\":[{\"@type\":\"SearchAction\",\"target\":{\"@type\":\"EntryPoint\",\"urlTemplate\":\"https:\\\/\\\/puertaaeuropa.com\\\/?s={search_term_string}\"},\"query-input\":{\"@type\":\"PropertyValueSpecification\",\"valueRequired\":true,\"valueName\":\"search_term_string\"}}],\"inLanguage\":\"es\"},{\"@type\":\"Organization\",\"@id\":\"https:\\\/\\\/puertaaeuropa.com\\\/#organization\",\"name\":\"Puerta a Europa\",\"url\":\"https:\\\/\\\/puertaaeuropa.com\\\/\",\"logo\":{\"@type\":\"ImageObject\",\"inLanguage\":\"es\",\"@id\":\"https:\\\/\\\/puertaaeuropa.com\\\/#\\\/schema\\\/logo\\\/image\\\/\",\"url\":\"https:\\\/\\\/puertaaeuropa.com\\\/wp-content\\\/uploads\\\/2024\\\/05\\\/logo-puerta-a-europa-peque-1.jpeg\",\"contentUrl\":\"https:\\\/\\\/puertaaeuropa.com\\\/wp-content\\\/uploads\\\/2024\\\/05\\\/logo-puerta-a-europa-peque-1.jpeg\",\"width\":504,\"height\":441,\"caption\":\"Puerta a Europa\"},\"image\":{\"@id\":\"https:\\\/\\\/puertaaeuropa.com\\\/#\\\/schema\\\/logo\\\/image\\\/\"}}]}<\/script>\n<!-- \/ Yoast SEO plugin. -->","yoast_head_json":{"title":"Campus Iberoamericano de formaci\u00f3n a Distancia - Puerta a Europa","robots":{"index":"index","follow":"follow","max-snippet":"max-snippet:-1","max-image-preview":"max-image-preview:large","max-video-preview":"max-video-preview:-1"},"canonical":"https:\/\/puertaaeuropa.com\/index.php\/formacion-on-line-en-salamanca\/","og_locale":"es_ES","og_type":"article","og_title":"Campus Iberoamericano de formaci\u00f3n a Distancia - Puerta a Europa","og_description":"Nuestros cursos de Formaci\u00f3n en el Campo Virtual de ense\u00f1anza, abarca cuatro \u00c1reas de formaci\u00f3n: Todos los cursos contar\u00e1n con un mentor, que le informara sobre la posibilidad de estancias formativas en empresas y pr\u00e1cticas. Para ampliar la informaci\u00f3n de cada uno de los cursos no hay m\u00e1s que hacer clic en el nombre para [&hellip;]","og_url":"https:\/\/puertaaeuropa.com\/index.php\/formacion-on-line-en-salamanca\/","og_site_name":"Puerta a Europa","article_modified_time":"2025-09-22T23:08:10+00:00","og_image":[{"width":1371,"height":881,"url":"https:\/\/puertaaeuropa.com\/wp-content\/uploads\/2024\/04\/anaya.jpg","type":"image\/jpeg"}],"twitter_card":"summary_large_image","twitter_misc":{"Tiempo de lectura":"3 minutos"},"schema":{"@context":"https:\/\/schema.org","@graph":[{"@type":"WebPage","@id":"https:\/\/puertaaeuropa.com\/index.php\/formacion-on-line-en-salamanca\/","url":"https:\/\/puertaaeuropa.com\/index.php\/formacion-on-line-en-salamanca\/","name":"Campus Iberoamericano de formaci\u00f3n a Distancia - Puerta a Europa","isPartOf":{"@id":"https:\/\/puertaaeuropa.com\/#website"},"primaryImageOfPage":{"@id":"https:\/\/puertaaeuropa.com\/index.php\/formacion-on-line-en-salamanca\/#primaryimage"},"image":{"@id":"https:\/\/puertaaeuropa.com\/index.php\/formacion-on-line-en-salamanca\/#primaryimage"},"thumbnailUrl":"https:\/\/puertaaeuropa.com\/wp-content\/uploads\/2024\/04\/anaya.jpg","datePublished":"2024-03-14T11:10:30+00:00","dateModified":"2025-09-22T23:08:10+00:00","breadcrumb":{"@id":"https:\/\/puertaaeuropa.com\/index.php\/formacion-on-line-en-salamanca\/#breadcrumb"},"inLanguage":"es","potentialAction":[{"@type":"ReadAction","target":["https:\/\/puertaaeuropa.com\/index.php\/formacion-on-line-en-salamanca\/"]}]},{"@type":"ImageObject","inLanguage":"es","@id":"https:\/\/puertaaeuropa.com\/index.php\/formacion-on-line-en-salamanca\/#primaryimage","url":"https:\/\/puertaaeuropa.com\/wp-content\/uploads\/2024\/04\/anaya.jpg","contentUrl":"https:\/\/puertaaeuropa.com\/wp-content\/uploads\/2024\/04\/anaya.jpg","width":1371,"height":881},{"@type":"BreadcrumbList","@id":"https:\/\/puertaaeuropa.com\/index.php\/formacion-on-line-en-salamanca\/#breadcrumb","itemListElement":[{"@type":"ListItem","position":1,"name":"Portada","item":"https:\/\/puertaaeuropa.com\/"},{"@type":"ListItem","position":2,"name":"Campus Iberoamericano de formaci\u00f3n a Distancia"}]},{"@type":"WebSite","@id":"https:\/\/puertaaeuropa.com\/#website","url":"https:\/\/puertaaeuropa.com\/","name":"Puerta a Europa","description":"Movilidad acad&eacute;mica y profesional para Iberoam&eacute;rica, al estilo del programa Erasmus","publisher":{"@id":"https:\/\/puertaaeuropa.com\/#organization"},"potentialAction":[{"@type":"SearchAction","target":{"@type":"EntryPoint","urlTemplate":"https:\/\/puertaaeuropa.com\/?s={search_term_string}"},"query-input":{"@type":"PropertyValueSpecification","valueRequired":true,"valueName":"search_term_string"}}],"inLanguage":"es"},{"@type":"Organization","@id":"https:\/\/puertaaeuropa.com\/#organization","name":"Puerta a Europa","url":"https:\/\/puertaaeuropa.com\/","logo":{"@type":"ImageObject","inLanguage":"es","@id":"https:\/\/puertaaeuropa.com\/#\/schema\/logo\/image\/","url":"https:\/\/puertaaeuropa.com\/wp-content\/uploads\/2024\/05\/logo-puerta-a-europa-peque-1.jpeg","contentUrl":"https:\/\/puertaaeuropa.com\/wp-content\/uploads\/2024\/05\/logo-puerta-a-europa-peque-1.jpeg","width":504,"height":441,"caption":"Puerta a Europa"},"image":{"@id":"https:\/\/puertaaeuropa.com\/#\/schema\/logo\/image\/"}}]}},"jetpack_sharing_enabled":true,"_links":{"self":[{"href":"https:\/\/puertaaeuropa.com\/index.php\/wp-json\/wp\/v2\/pages\/33","targetHints":{"allow":["GET"]}}],"collection":[{"href":"https:\/\/puertaaeuropa.com\/index.php\/wp-json\/wp\/v2\/pages"}],"about":[{"href":"https:\/\/puertaaeuropa.com\/index.php\/wp-json\/wp\/v2\/types\/page"}],"author":[{"embeddable":true,"href":"https:\/\/puertaaeuropa.com\/index.php\/wp-json\/wp\/v2\/users\/1"}],"replies":[{"embeddable":true,"href":"https:\/\/puertaaeuropa.com\/index.php\/wp-json\/wp\/v2\/comments?post=33"}],"version-history":[{"count":18,"href":"https:\/\/puertaaeuropa.com\/index.php\/wp-json\/wp\/v2\/pages\/33\/revisions"}],"predecessor-version":[{"id":347,"href":"https:\/\/puertaaeuropa.com\/index.php\/wp-json\/wp\/v2\/pages\/33\/revisions\/347"}],"wp:attachment":[{"href":"https:\/\/puertaaeuropa.com\/index.php\/wp-json\/wp\/v2\/media?parent=33"}],"curies":[{"name":"wp","href":"https:\/\/api.w.org\/{rel}","templated":true}]}}