{"id":72,"date":"2024-04-27T11:47:38","date_gmt":"2024-04-27T11:47:38","guid":{"rendered":"https:\/\/puertaaeuropa.com\/?page_id=72"},"modified":"2025-10-21T18:02:54","modified_gmt":"2025-10-21T17:02:54","slug":"preguntas-frecuentes","status":"publish","type":"page","link":"https:\/\/puertaaeuropa.com\/index.php\/preguntas-frecuentes\/","title":{"rendered":"Preguntas frecuentes"},"content":{"rendered":"\n<figure class=\"wp-block-image size-large\"><img loading=\"lazy\" decoding=\"async\" width=\"1024\" height=\"582\" src=\"https:\/\/puertaaeuropa.com\/wp-content\/uploads\/2024\/04\/estudiantes-3-1024x582.jpg\" alt=\"\" class=\"wp-image-169\" srcset=\"https:\/\/puertaaeuropa.com\/wp-content\/uploads\/2024\/04\/estudiantes-3-1024x582.jpg 1024w, https:\/\/puertaaeuropa.com\/wp-content\/uploads\/2024\/04\/estudiantes-3-300x170.jpg 300w, https:\/\/puertaaeuropa.com\/wp-content\/uploads\/2024\/04\/estudiantes-3-768x436.jpg 768w, https:\/\/puertaaeuropa.com\/wp-content\/uploads\/2024\/04\/estudiantes-3-1536x872.jpg 1536w, https:\/\/puertaaeuropa.com\/wp-content\/uploads\/2024\/04\/estudiantes-3.jpg 1546w\" sizes=\"auto, (max-width: 1024px) 100vw, 1024px\" \/><\/figure>\n\n\n\n<p><strong><strong>Fomentamos la formaci\u00f3n enfocada a la empleabilidad<\/strong><\/strong><\/p>\n\n\n\n<p>Teniendo en cuenta que el fin principal de nuestra entidad es la accesibilidad al empleo para j\u00f3venes, hemos dividido la oferta de los cursos en cuatro \u00e1reas: <\/p>\n\n\n\n<ol style=\"list-style-type:lower-alpha\" class=\"wp-block-list\">\n<li>tipos de empresas que tienen mayores posibilidades de empleabilidad<\/li>\n\n\n\n<li>sectores como la tercera edad, que demanda profesionales<\/li>\n\n\n\n<li>sector sanitario y socio sanitario auxiliar y de apoyo a los facultativos<\/li>\n\n\n\n<li>el sector en alza, cuidado de mascotas y bienestar animal que recomendamos a personas que desean adquirir conocimientos nada complejos y en el que se valora en el mercado laboral la vocaci\u00f3n y la sensibilidad.<\/li>\n<\/ol>\n\n\n\n<p>En definitiva, se han seleccionado unos cursos que proporcionen conocimientos concretos, habilidades profesionales y especializados que permitan acceder al mercado de trabajo en el menor tiempo posible.<\/p>\n\n\n\n<p><strong>Sobre el precio de los cursos<\/strong><\/p>\n\n\n\n<p>Nuestra pol\u00edtica es que los cursos sean accesibles a todas las personas, tomando en consideraci\u00f3n que si estos cursos est\u00e1n destinados a alumnos que desean formarse en el menor tiempo posible y acceder a un empleo estable, es recomendable suprimir muchos elementos complementarios y totalmente secundarios de los que disponen muchos cursos en la oferta generalizada que existe en el mercado. Para nosotros, si el fin principal es la accesibilidad al conocimiento en el menor tiempo posible, todo accesorio debe permanecer al margen de lo que es nuestro objetivo principal, que es la empleabilidad. Las principales instituciones que sostienen los cursos son entidades civiles (<em>nonprofit organization NPO<\/em>) y esa es la diferencia fundamental con otros centros de formaci\u00f3n.<\/p>\n\n\n\n<p><strong>Metodolog\u00eda de los cursos en l\u00ednea<\/strong><\/p>\n\n\n\n<p>Nuestra metodolog\u00eda est\u00e1 dise\u00f1ada sobre tres pilares:<\/p>\n\n\n\n<ol style=\"list-style-type:lower-alpha\" class=\"wp-block-list\">\n<li>motivaci\u00f3n personal<\/li>\n\n\n\n<li>acceso a recursos formativos con un material de estudios detallado, resumido, con exposici\u00f3n de casos pr\u00e1cticos y con test de autoevaluaci\u00f3n continua y<\/li>\n\n\n\n<li>un campus virtual que se adapta en su horario a circunstancias individuales de cada alumno, lo que permite aprender a tu ritmo desde cualquier dispositivo y lugar.<\/li>\n<\/ol>\n\n\n\n<p>Para lo cual tienen que:<\/p>\n\n\n\n<ol class=\"wp-block-list\">\n<li>Establecerse metas claras y espec\u00edficas.<\/li>\n\n\n\n<li>Crear un plan de acci\u00f3n dividido en tareas peque\u00f1as que faciliten ir alcanzado los objetivos propuestos durante el curso.<\/li>\n\n\n\n<li>Gestionar el tiempo con per\u00edodos regulares dedicados el estudio.<\/li>\n\n\n\n<li>Eliminar todo tipo de distracciones durante el estudio.<\/li>\n<\/ol>\n\n\n\n<figure class=\"wp-block-image size-large\"><img loading=\"lazy\" decoding=\"async\" width=\"1024\" height=\"603\" src=\"https:\/\/puertaaeuropa.com\/wp-content\/uploads\/2024\/04\/estudiantes-1-1024x603.jpg\" alt=\"\" class=\"wp-image-171\" srcset=\"https:\/\/puertaaeuropa.com\/wp-content\/uploads\/2024\/04\/estudiantes-1-1024x603.jpg 1024w, https:\/\/puertaaeuropa.com\/wp-content\/uploads\/2024\/04\/estudiantes-1-300x177.jpg 300w, https:\/\/puertaaeuropa.com\/wp-content\/uploads\/2024\/04\/estudiantes-1-768x452.jpg 768w, https:\/\/puertaaeuropa.com\/wp-content\/uploads\/2024\/04\/estudiantes-1-1536x904.jpg 1536w, https:\/\/puertaaeuropa.com\/wp-content\/uploads\/2024\/04\/estudiantes-1.jpg 1573w\" sizes=\"auto, (max-width: 1024px) 100vw, 1024px\" \/><\/figure>\n\n\n\n<p><strong><strong>Campus Universitario Iberoamericano de Educaci\u00f3n a Distancia para alumnos que estudien desde Hispanoam\u00e9rica.<\/strong><\/strong><\/p>\n\n\n\n<p><strong><strong>Duraci\u00f3n de los cursos<\/strong><\/strong><\/p>\n\n\n\n<p>Dependiendo de los cursos que uno elija los tiempos var\u00edan, pero una persona centrada en formarse, puede concluir la totalidad del curso en cuatro meses dedicando al curso dos horas todos los d\u00edas de la semana (250 horas en total) y lograr disponer de un certificado acreditativo de formaci\u00f3n de <em><br><strong>Campus Iberoamericano de Educaci\u00f3n a Distancia<\/strong><\/em>; en el caso de los cursos adaptados, tienen una duraci\u00f3n de 500 horas para obtener la certificaci\u00f3n de profesionalidad que capacita para el desarrollo de una actividad laboral del Servicio P\u00fablico de Empleo Estatal de Espa\u00f1a. Pero como cada estudiante tiene diferentes expectativas y situaciones diversas, el tiempo del que disponen para la realizaci\u00f3n del curso en general oscila entre 9 y 12 meses para los cursos adaptados al certificado de profesionalidad. No obstante, el alumno tiene la posibilidad de solicitar una pr\u00f3rroga totalmente gratuita de un mes o dos como m\u00e1ximo a la Secretar\u00eda de <em><strong>Campus Iberoamericano de Educaci\u00f3n a Distancia<\/strong>.<\/em><\/p>\n\n\n\n<p><strong>Del desarrollo de los cursos<\/strong><\/p>\n\n\n\n<p>Al final de cada lecci\u00f3n o apartado el alumno podr\u00e1 valorar por s\u00ed mismo el aprovechamiento de las clases y su nivel de conocimientos mediante una evaluaci\u00f3n continua, de manera que \u00e9l pueda controlar el avance del curso. No obstante, la Direcci\u00f3n de <em><br><strong>Campus Iberoamericano de Educaci\u00f3n a Distancia<\/strong><\/em> hace un seguimiento del aprovechamiento de los alumnos de manera individual.<\/p>\n\n\n\n<p><strong>Pol\u00edtica de proximidad y humanizaci\u00f3n de las relaciones con los alumnos<\/strong><\/p>\n\n\n\n<p>Aunque contamos con un campus virtual de \u00faltima generaci\u00f3n y similar a las grandes empresas de formaci\u00f3n e-learning, hemos prescindido y renunciamos a todo tratamiento rob\u00f3tico o <em>bot <\/em>inform\u00e1tico en la relaci\u00f3n entre <em><strong><a href=\"https:\/\/puertaaeuropa.com\">Universitas Iberoam\u00e9rica<\/a><\/strong> <\/em> y nuestros alumnos. Por lo tanto, desde que el alumno formalice la matr\u00edcula hasta que se concluya el curso ser\u00e1 atendido por un miembro de nuestro equipo que podr\u00e1 resolver cualquier duda que le pueda surgir. Para ello se le facilitar\u00e1 una direcci\u00f3n email y un n\u00famero de WhatsApp a los que podr\u00e1 dirigirse.<\/p>\n\n\n\n<p><strong>La Certificaci\u00f3n<\/strong><\/p>\n\n\n\n<p>Al superar con \u00e9xito el curso, el estudiante recibir\u00e1 un certificado digital de aprovechamiento expedido por el Campus Iberoamericano de Educaci\u00f3n a Distancia y\/o por la entidad coadyuvante correspondiente (como colegios profesionales o instituciones p\u00fablicas y privadas de relevancia acad\u00e9mica y profesional), que podr\u00e1 descargarse de forma inmediata desde la plataforma.<\/p>\n\n\n\n<p>Para los estudiantes residentes en pa\u00edses hispanoamericanos que requieran una <strong>versi\u00f3n f\u00edsica con validez internacional<\/strong><strong>,<\/strong> existe la opci\u00f3n de solicitar el certificado con la <strong>Apostilla de La Haya<\/strong>. Este tr\u00e1mite, gestionado a petici\u00f3n del interesado, conlleva costes adicionales asociados a la legalizaci\u00f3n notarial, la apostilla y los gastos de env\u00edo. <em>La apostilla es un certificado que autentica documentos para que sean v\u00e1lidos internacionalmente en los pa\u00edses adheridos al Convenio de la Haya.<\/em><\/p>\n\n\n\n<p><strong>Doble Titulaci\u00f3n en Postgrados<\/strong><\/p>\n\n\n\n<p>Los programas de postgrado ofrecidos bajo el convenio de doble titulaci\u00f3n con la <strong>IUNIT<\/strong> (centro adscrito a la Universidad Rey Juan Carlos) ser\u00e1n expedidos oficialmente por dicha instituci\u00f3n universitaria. La gesti\u00f3n administrativa y el env\u00edo de estos t\u00edtulos estar\u00e1n a cargo de la Secretar\u00eda de la UI.<\/p>\n\n\n\n<figure class=\"wp-block-image aligncenter size-full is-resized\"><img loading=\"lazy\" decoding=\"async\" width=\"615\" height=\"900\" src=\"https:\/\/puertaaeuropa.com\/wp-content\/uploads\/2025\/09\/Andres-Bello-2.jpg\" alt=\"\" class=\"wp-image-331\" style=\"width:574px;height:auto\" srcset=\"https:\/\/puertaaeuropa.com\/wp-content\/uploads\/2025\/09\/Andres-Bello-2.jpg 615w, https:\/\/puertaaeuropa.com\/wp-content\/uploads\/2025\/09\/Andres-Bello-2-205x300.jpg 205w\" sizes=\"auto, (max-width: 615px) 100vw, 615px\" \/><\/figure>\n","protected":false},"excerpt":{"rendered":"<p>Fomentamos la formaci\u00f3n enfocada a la empleabilidad Teniendo en cuenta que el fin principal de nuestra entidad es la accesibilidad al empleo para j\u00f3venes, hemos dividido la oferta de los cursos en cuatro \u00e1reas: En definitiva, se han seleccionado unos cursos que proporcionen conocimientos concretos, habilidades profesionales y especializados que permitan acceder al mercado de [&hellip;]<\/p>\n","protected":false},"author":1,"featured_media":0,"parent":0,"menu_order":0,"comment_status":"closed","ping_status":"closed","template":"","meta":{"footnotes":""},"class_list":["post-72","page","type-page","status-publish","hentry"],"yoast_head":"<!-- This site is optimized with the Yoast SEO plugin v27.4 - https:\/\/yoast.com\/product\/yoast-seo-wordpress\/ -->\n<title>Preguntas frecuentes - Puerta a Europa<\/title>\n<meta name=\"robots\" content=\"index, follow, max-snippet:-1, max-image-preview:large, max-video-preview:-1\" \/>\n<link rel=\"canonical\" href=\"https:\/\/puertaaeuropa.com\/index.php\/preguntas-frecuentes\/\" \/>\n<meta property=\"og:locale\" content=\"es_ES\" \/>\n<meta property=\"og:type\" content=\"article\" \/>\n<meta property=\"og:title\" content=\"Preguntas frecuentes - Puerta a Europa\" \/>\n<meta property=\"og:description\" content=\"Fomentamos la formaci\u00f3n enfocada a la empleabilidad Teniendo en cuenta que el fin principal de nuestra entidad es la accesibilidad al empleo para j\u00f3venes, hemos dividido la oferta de los cursos en cuatro \u00e1reas: En definitiva, se han seleccionado unos cursos que proporcionen conocimientos concretos, habilidades profesionales y especializados que permitan acceder al mercado de [&hellip;]\" \/>\n<meta property=\"og:url\" content=\"https:\/\/puertaaeuropa.com\/index.php\/preguntas-frecuentes\/\" \/>\n<meta property=\"og:site_name\" content=\"Puerta a Europa\" \/>\n<meta property=\"article:modified_time\" content=\"2025-10-21T17:02:54+00:00\" \/>\n<meta property=\"og:image\" content=\"https:\/\/puertaaeuropa.com\/wp-content\/uploads\/2024\/04\/estudiantes-3.jpg\" \/>\n\t<meta property=\"og:image:width\" content=\"1546\" \/>\n\t<meta property=\"og:image:height\" content=\"878\" \/>\n\t<meta property=\"og:image:type\" content=\"image\/jpeg\" \/>\n<meta name=\"twitter:card\" content=\"summary_large_image\" \/>\n<meta name=\"twitter:label1\" content=\"Tiempo de lectura\" \/>\n\t<meta name=\"twitter:data1\" content=\"5 minutos\" \/>\n<script type=\"application\/ld+json\" class=\"yoast-schema-graph\">{\"@context\":\"https:\\\/\\\/schema.org\",\"@graph\":[{\"@type\":\"WebPage\",\"@id\":\"https:\\\/\\\/puertaaeuropa.com\\\/index.php\\\/preguntas-frecuentes\\\/\",\"url\":\"https:\\\/\\\/puertaaeuropa.com\\\/index.php\\\/preguntas-frecuentes\\\/\",\"name\":\"Preguntas frecuentes - Puerta a Europa\",\"isPartOf\":{\"@id\":\"https:\\\/\\\/puertaaeuropa.com\\\/#website\"},\"primaryImageOfPage\":{\"@id\":\"https:\\\/\\\/puertaaeuropa.com\\\/index.php\\\/preguntas-frecuentes\\\/#primaryimage\"},\"image\":{\"@id\":\"https:\\\/\\\/puertaaeuropa.com\\\/index.php\\\/preguntas-frecuentes\\\/#primaryimage\"},\"thumbnailUrl\":\"https:\\\/\\\/puertaaeuropa.com\\\/wp-content\\\/uploads\\\/2024\\\/04\\\/estudiantes-3-1024x582.jpg\",\"datePublished\":\"2024-04-27T11:47:38+00:00\",\"dateModified\":\"2025-10-21T17:02:54+00:00\",\"breadcrumb\":{\"@id\":\"https:\\\/\\\/puertaaeuropa.com\\\/index.php\\\/preguntas-frecuentes\\\/#breadcrumb\"},\"inLanguage\":\"es\",\"potentialAction\":[{\"@type\":\"ReadAction\",\"target\":[\"https:\\\/\\\/puertaaeuropa.com\\\/index.php\\\/preguntas-frecuentes\\\/\"]}]},{\"@type\":\"ImageObject\",\"inLanguage\":\"es\",\"@id\":\"https:\\\/\\\/puertaaeuropa.com\\\/index.php\\\/preguntas-frecuentes\\\/#primaryimage\",\"url\":\"https:\\\/\\\/puertaaeuropa.com\\\/wp-content\\\/uploads\\\/2024\\\/04\\\/estudiantes-3.jpg\",\"contentUrl\":\"https:\\\/\\\/puertaaeuropa.com\\\/wp-content\\\/uploads\\\/2024\\\/04\\\/estudiantes-3.jpg\",\"width\":1546,\"height\":878},{\"@type\":\"BreadcrumbList\",\"@id\":\"https:\\\/\\\/puertaaeuropa.com\\\/index.php\\\/preguntas-frecuentes\\\/#breadcrumb\",\"itemListElement\":[{\"@type\":\"ListItem\",\"position\":1,\"name\":\"Portada\",\"item\":\"https:\\\/\\\/puertaaeuropa.com\\\/\"},{\"@type\":\"ListItem\",\"position\":2,\"name\":\"Preguntas frecuentes\"}]},{\"@type\":\"WebSite\",\"@id\":\"https:\\\/\\\/puertaaeuropa.com\\\/#website\",\"url\":\"https:\\\/\\\/puertaaeuropa.com\\\/\",\"name\":\"Puerta a Europa\",\"description\":\"Movilidad acad&eacute;mica y profesional para Iberoam&eacute;rica, al estilo del programa Erasmus\",\"publisher\":{\"@id\":\"https:\\\/\\\/puertaaeuropa.com\\\/#organization\"},\"potentialAction\":[{\"@type\":\"SearchAction\",\"target\":{\"@type\":\"EntryPoint\",\"urlTemplate\":\"https:\\\/\\\/puertaaeuropa.com\\\/?s={search_term_string}\"},\"query-input\":{\"@type\":\"PropertyValueSpecification\",\"valueRequired\":true,\"valueName\":\"search_term_string\"}}],\"inLanguage\":\"es\"},{\"@type\":\"Organization\",\"@id\":\"https:\\\/\\\/puertaaeuropa.com\\\/#organization\",\"name\":\"Puerta a Europa\",\"url\":\"https:\\\/\\\/puertaaeuropa.com\\\/\",\"logo\":{\"@type\":\"ImageObject\",\"inLanguage\":\"es\",\"@id\":\"https:\\\/\\\/puertaaeuropa.com\\\/#\\\/schema\\\/logo\\\/image\\\/\",\"url\":\"https:\\\/\\\/puertaaeuropa.com\\\/wp-content\\\/uploads\\\/2024\\\/05\\\/logo-puerta-a-europa-peque-1.jpeg\",\"contentUrl\":\"https:\\\/\\\/puertaaeuropa.com\\\/wp-content\\\/uploads\\\/2024\\\/05\\\/logo-puerta-a-europa-peque-1.jpeg\",\"width\":504,\"height\":441,\"caption\":\"Puerta a Europa\"},\"image\":{\"@id\":\"https:\\\/\\\/puertaaeuropa.com\\\/#\\\/schema\\\/logo\\\/image\\\/\"}}]}<\/script>\n<!-- \/ Yoast SEO plugin. -->","yoast_head_json":{"title":"Preguntas frecuentes - Puerta a Europa","robots":{"index":"index","follow":"follow","max-snippet":"max-snippet:-1","max-image-preview":"max-image-preview:large","max-video-preview":"max-video-preview:-1"},"canonical":"https:\/\/puertaaeuropa.com\/index.php\/preguntas-frecuentes\/","og_locale":"es_ES","og_type":"article","og_title":"Preguntas frecuentes - Puerta a Europa","og_description":"Fomentamos la formaci\u00f3n enfocada a la empleabilidad Teniendo en cuenta que el fin principal de nuestra entidad es la accesibilidad al empleo para j\u00f3venes, hemos dividido la oferta de los cursos en cuatro \u00e1reas: En definitiva, se han seleccionado unos cursos que proporcionen conocimientos concretos, habilidades profesionales y especializados que permitan acceder al mercado de [&hellip;]","og_url":"https:\/\/puertaaeuropa.com\/index.php\/preguntas-frecuentes\/","og_site_name":"Puerta a Europa","article_modified_time":"2025-10-21T17:02:54+00:00","og_image":[{"width":1546,"height":878,"url":"https:\/\/puertaaeuropa.com\/wp-content\/uploads\/2024\/04\/estudiantes-3.jpg","type":"image\/jpeg"}],"twitter_card":"summary_large_image","twitter_misc":{"Tiempo de lectura":"5 minutos"},"schema":{"@context":"https:\/\/schema.org","@graph":[{"@type":"WebPage","@id":"https:\/\/puertaaeuropa.com\/index.php\/preguntas-frecuentes\/","url":"https:\/\/puertaaeuropa.com\/index.php\/preguntas-frecuentes\/","name":"Preguntas frecuentes - Puerta a Europa","isPartOf":{"@id":"https:\/\/puertaaeuropa.com\/#website"},"primaryImageOfPage":{"@id":"https:\/\/puertaaeuropa.com\/index.php\/preguntas-frecuentes\/#primaryimage"},"image":{"@id":"https:\/\/puertaaeuropa.com\/index.php\/preguntas-frecuentes\/#primaryimage"},"thumbnailUrl":"https:\/\/puertaaeuropa.com\/wp-content\/uploads\/2024\/04\/estudiantes-3-1024x582.jpg","datePublished":"2024-04-27T11:47:38+00:00","dateModified":"2025-10-21T17:02:54+00:00","breadcrumb":{"@id":"https:\/\/puertaaeuropa.com\/index.php\/preguntas-frecuentes\/#breadcrumb"},"inLanguage":"es","potentialAction":[{"@type":"ReadAction","target":["https:\/\/puertaaeuropa.com\/index.php\/preguntas-frecuentes\/"]}]},{"@type":"ImageObject","inLanguage":"es","@id":"https:\/\/puertaaeuropa.com\/index.php\/preguntas-frecuentes\/#primaryimage","url":"https:\/\/puertaaeuropa.com\/wp-content\/uploads\/2024\/04\/estudiantes-3.jpg","contentUrl":"https:\/\/puertaaeuropa.com\/wp-content\/uploads\/2024\/04\/estudiantes-3.jpg","width":1546,"height":878},{"@type":"BreadcrumbList","@id":"https:\/\/puertaaeuropa.com\/index.php\/preguntas-frecuentes\/#breadcrumb","itemListElement":[{"@type":"ListItem","position":1,"name":"Portada","item":"https:\/\/puertaaeuropa.com\/"},{"@type":"ListItem","position":2,"name":"Preguntas frecuentes"}]},{"@type":"WebSite","@id":"https:\/\/puertaaeuropa.com\/#website","url":"https:\/\/puertaaeuropa.com\/","name":"Puerta a Europa","description":"Movilidad acad&eacute;mica y profesional para Iberoam&eacute;rica, al estilo del programa Erasmus","publisher":{"@id":"https:\/\/puertaaeuropa.com\/#organization"},"potentialAction":[{"@type":"SearchAction","target":{"@type":"EntryPoint","urlTemplate":"https:\/\/puertaaeuropa.com\/?s={search_term_string}"},"query-input":{"@type":"PropertyValueSpecification","valueRequired":true,"valueName":"search_term_string"}}],"inLanguage":"es"},{"@type":"Organization","@id":"https:\/\/puertaaeuropa.com\/#organization","name":"Puerta a Europa","url":"https:\/\/puertaaeuropa.com\/","logo":{"@type":"ImageObject","inLanguage":"es","@id":"https:\/\/puertaaeuropa.com\/#\/schema\/logo\/image\/","url":"https:\/\/puertaaeuropa.com\/wp-content\/uploads\/2024\/05\/logo-puerta-a-europa-peque-1.jpeg","contentUrl":"https:\/\/puertaaeuropa.com\/wp-content\/uploads\/2024\/05\/logo-puerta-a-europa-peque-1.jpeg","width":504,"height":441,"caption":"Puerta a Europa"},"image":{"@id":"https:\/\/puertaaeuropa.com\/#\/schema\/logo\/image\/"}}]}},"jetpack_sharing_enabled":true,"_links":{"self":[{"href":"https:\/\/puertaaeuropa.com\/index.php\/wp-json\/wp\/v2\/pages\/72","targetHints":{"allow":["GET"]}}],"collection":[{"href":"https:\/\/puertaaeuropa.com\/index.php\/wp-json\/wp\/v2\/pages"}],"about":[{"href":"https:\/\/puertaaeuropa.com\/index.php\/wp-json\/wp\/v2\/types\/page"}],"author":[{"embeddable":true,"href":"https:\/\/puertaaeuropa.com\/index.php\/wp-json\/wp\/v2\/users\/1"}],"replies":[{"embeddable":true,"href":"https:\/\/puertaaeuropa.com\/index.php\/wp-json\/wp\/v2\/comments?post=72"}],"version-history":[{"count":11,"href":"https:\/\/puertaaeuropa.com\/index.php\/wp-json\/wp\/v2\/pages\/72\/revisions"}],"predecessor-version":[{"id":353,"href":"https:\/\/puertaaeuropa.com\/index.php\/wp-json\/wp\/v2\/pages\/72\/revisions\/353"}],"wp:attachment":[{"href":"https:\/\/puertaaeuropa.com\/index.php\/wp-json\/wp\/v2\/media?parent=72"}],"curies":[{"name":"wp","href":"https:\/\/api.w.org\/{rel}","templated":true}]}}