{"id":91,"date":"2024-04-29T09:13:28","date_gmt":"2024-04-29T09:13:28","guid":{"rendered":"https:\/\/puertaaeuropa.com\/?page_id=91"},"modified":"2025-09-11T11:22:01","modified_gmt":"2025-09-11T10:22:01","slug":"inscripcion","status":"publish","type":"page","link":"https:\/\/puertaaeuropa.com\/index.php\/inscripcion\/","title":{"rendered":"Inscripci\u00f3n"},"content":{"rendered":"\n<p>A continuaci\u00f3n se encuentra la informaci\u00f3n necesaria para la inscripci\u00f3n en nuestros cursos. Si tiene alguna duda m\u00e1s puede consultar el apartado&nbsp;<a href=\"https:\/\/salamancacollege.eu\/index.php\/preguntas-frecuentes\/\">Preguntas frecuentes<\/a>&nbsp;en el men\u00fa superior. Si a\u00fan as\u00ed tiene alguna duda puede usar la p\u00e1gina de&nbsp;<a href=\"https:\/\/salamancacollege.eu\/index.php\/contacto\/\">Contacto<\/a>&nbsp;para hac\u00e9rnosla llegar e intentaremos resolverla lo antes posible.<\/p>\n\n\n\n<p><strong>Requisitos para matricularse:<\/strong><\/p>\n\n\n\n<p><strong>1.-<\/strong>&nbsp;Solicitar la ficha de inscripci\u00f3n a la siguiente direcci\u00f3n:<\/p>\n\n\n\n<p>WhatsApp + 34 682 64 99 27<br>o bien mediante el email:\u00a0<em><a href=\"mailto:info@puertaaeuropa.com\">info@puerta<strong>a<\/strong>europa.com<\/a><\/em><\/p>\n\n\n\n<p><strong>2.-<\/strong>\u00a0Cumplimentar la ficha de forma completa y mediante una foto efectuada con el m\u00f3vil o el celular, enviarla por WhatsApp + 34 682 64 99 27 o al email:\u00a0<em><a href=\"mailto:info@puertaaeuropa.com\">info@puerta<strong>a<\/strong>europa.com<\/a><\/em>\u00a0Al inscribirse en el curso el alumno acepta las condiciones del mismo.<\/p>\n\n\n\n<p><strong>3.-<\/strong>&nbsp;Los alumnos deben disponer de&nbsp;<em>WhatsApp<\/em>&nbsp;o de un correo electr\u00f3nico \u00fanico y personal mientras dura el curso para recibir comunicaciones; en el caso de que cambien por cualquier motivo de n\u00famero o de direcci\u00f3n deben comunicar por escrito su nuevo contacto. Toda comunicaci\u00f3n se realizar\u00e1 por este medio y recibir\u00e1n los c\u00f3digos de acceso al Campus Virtual por email.<\/p>\n\n\n\n<p><strong>4.-<\/strong>\u00a0Los pagos se efectuar\u00e1n mediante transferencia bancaria. En las transferencias deber\u00e1n indicar de forma clara el nombre y apellidos del alumno y en el concepto reflejar el c\u00f3digo o el nombre del curso en el que se haya matriculado; inmediatamente deber\u00e1 enviar fotograf\u00eda del comprobante de la transferencia mediante<br>W<em>hatsApp<\/em>\u00a0+ 34 682 64 99 27<br>o bien mediante el email:\u00a0<em><a href=\"mailto:info@puertaaeuropa.com\">info@puerta<strong>a<\/strong>europa.com<\/a><\/em><\/p>\n\n\n\n<p><strong>5.-<\/strong>&nbsp;<strong>Pol\u00edtica de pagos y reembolsos<\/strong><\/p>\n\n\n\n<p>Una vez remitido el c\u00f3digo de acceso proporcionado por el Campus Iberoam\u00e9rica al correo electr\u00f3nico facilitado por el alumno, todo pago efectuado quedar\u00e1 no reembolsable, por cuanto el interesado ha suscrito un acuerdo con Universitas Iberoam\u00e9rica en virtud del cual se reconoce un per\u00edodo de reflexi\u00f3n previo a la formalizaci\u00f3n de la matr\u00edcula, as\u00ed como la posibilidad de optar por otras v\u00edas acad\u00e9micas, haci\u00e9ndose constar, asimismo, que los cursos se encuentran bonificados al amparo del convenio internacional de cooperaci\u00f3n suscrito.<\/p>\n\n\n\n<p>El pago de los cursos se dividir\u00e1 en dos plazos:<\/p>\n\n\n\n<p><strong>A) Primer plazo (al formalizar la matr\u00edcula):<\/strong><\/p>\n\n\n\n<ol style=\"list-style-type:upper-roman\" class=\"wp-block-list\">\n<li>Cursos generales de formaci\u00f3n:\u00a0<strong>250,00 euros.<\/strong><\/li>\n\n\n\n<li>Cursos adaptados al certificado de profesionalidad:\u00a0<strong>375,00 euros.<\/strong><\/li>\n\n\n\n<li>Cursos de Direcci\u00f3n y Gesti\u00f3n con la certificaci\u00f3n de la IUNIT (Centro Adscrito de la Universidad Rey Juan Carlos -URJC- de Madrid):\u00a0<strong>600,00 euros.<\/strong><\/li>\n<\/ol>\n\n\n\n<p><strong>B) Segundo plazo (a los tres meses de la matriculaci\u00f3n):<\/strong><\/p>\n\n\n\n<ol class=\"wp-block-list\">\n<li>Cursos generales de formaci\u00f3n: <strong>2<\/strong><strong>50,00 euros.<\/strong><\/li>\n\n\n\n<li>Cursos adaptados al certificado de profesionalidad:\u00a0<strong>375,00 euros.<\/strong><\/li>\n\n\n\n<li>Cursos certificados por la IUNIT (Centro Adscrito de la Universidad Rey Juan Carlos -URJC- de Madrid):\u00a0<strong>600,00 euros.<\/strong><\/li>\n<\/ol>\n\n\n\n<p><strong>Precios totales por curso:<\/strong><\/p>\n\n\n\n<ol class=\"wp-block-list\">\n<li>Cursos generales de formaci\u00f3n:\u00a0<strong>500,00 euros<\/strong>.<\/li>\n\n\n\n<li>Cursos adaptados al certificado de profesionalidad:\u00a0<strong>750,00 euros.<\/strong><\/li>\n\n\n\n<li>Cursos de Direcci\u00f3n y Gesti\u00f3n con certificaci\u00f3n de la IUNIT (Centro Adscrito de la Universidad Rey Juan Carlos -URJC- de Madrid):\u00a0<strong>1.200,00 euros.<\/strong><\/li>\n<\/ol>\n\n\n\n<p>Una vez realizados ambos pagos, se emitir\u00e1 la factura correspondiente. Al superar los ex\u00e1menes, los alumnos recibir\u00e1n el Diploma de conocimiento y superaci\u00f3n del Curso de Direcci\u00f3n y Gesti\u00f3n por la IUNIT como Centro de Educaci\u00f3n Superior de Negocios, Innovaci\u00f3n y Tecnolog\u00eda adscrito a la Universidad Rey Juan Carlos (URJC).<\/p>\n\n\n\n<p><strong>6.-<\/strong>&nbsp;En el programa de cada curso se indicar\u00e1 a qu\u00e9 perfil de alumnos va destinado el curso, universitario o FP.<\/p>\n\n\n\n<p><strong>7.-<\/strong>&nbsp;El horario de atenci\u00f3n directa al alumno se realizar\u00e1 en horario de oficina (hora peninsular espa\u00f1ola UTM+1 y no se atender\u00e1 los d\u00edas festivos de Espa\u00f1a ni fines de semana).<\/p>\n\n\n\n<p><strong>8.-<\/strong>&nbsp;Toda consulta o duda a lo largo del curso solo podr\u00e1 ser realizada por los alumnos inscritos.<\/p>\n\n\n\n<p><strong>9.-<\/strong>&nbsp;La matr\u00edcula es personal e intransferible, salvo para hermanos, hijos y padres, siempre que est\u00e9n matriculados en el mismo curso.<\/p>\n\n\n\n<p><strong>10.-<\/strong> Universitas Iberoam\u00e9rica no promete ni se compromete a que la matr\u00edcula de un alumno en los cursos promovidos, directa o indirectamente, implique la concesi\u00f3n autom\u00e1tica de una autorizaci\u00f3n de estancia en Espa\u00f1a, por cuanto dicha decisi\u00f3n corresponde en exclusiva a las autoridades espa\u00f1olas y queda supeditada al cumplimiento de los requisitos legalmente exigidos para su otorgamiento. Ning\u00fan documento ni comunicaci\u00f3n emitidos por nuestra asociaci\u00f3n podr\u00e1n entenderse como compromiso o garant\u00eda de expedici\u00f3n de permisos de estancia en Espa\u00f1a. Nuestro objetivo es que toda movilidad acad\u00e9mica se realice en beneficio del alumno, con estricto respeto a las condiciones establecidas por la ley y bajo las debidas garant\u00edas de transparencia y seguridad.<\/p>\n\n\n\n<p><strong>Desistimiento.<\/strong><\/p>\n\n\n\n<p>Los alumnos podr\u00e1n desistir de la continuidad del curso en los dos meses siguientes a su matriculaci\u00f3n; por lo tanto, no estar\u00e1n obligados a abonar la segunda cuota y se les liquidar\u00e1 contablemente lo abonado. Si el alumno no abona la segunda cuota en el plazo establecido se entender\u00e1 que ha abandonado el curso.<\/p>\n\n\n\n<p><strong>Descuentos a hermanos y familias numerosas.<\/strong><\/p>\n\n\n\n<p>Se aplicar\u00e1 un descuento del 10% en la inscripci\u00f3n de hermanos que se matriculen de manera simult\u00e1nea o durante el mismo curso acad\u00e9mico, as\u00ed como a las familias numerosas.matriculen de manera simult\u00e1nea o durante el mismo curso acad\u00e9mico, as\u00ed como a las familias numerosas.<\/p>\n\n\n\n<figure class=\"wp-block-image size-full\"><img loading=\"lazy\" decoding=\"async\" width=\"657\" height=\"185\" src=\"https:\/\/puertaaeuropa.com\/wp-content\/uploads\/2025\/09\/banderola-puerta-a-europa.jpg\" alt=\"\" class=\"wp-image-254\" srcset=\"https:\/\/puertaaeuropa.com\/wp-content\/uploads\/2025\/09\/banderola-puerta-a-europa.jpg 657w, https:\/\/puertaaeuropa.com\/wp-content\/uploads\/2025\/09\/banderola-puerta-a-europa-300x84.jpg 300w\" sizes=\"auto, (max-width: 657px) 100vw, 657px\" \/><\/figure>\n","protected":false},"excerpt":{"rendered":"<p>A continuaci\u00f3n se encuentra la informaci\u00f3n necesaria para la inscripci\u00f3n en nuestros cursos. Si tiene alguna duda m\u00e1s puede consultar el apartado&nbsp;Preguntas frecuentes&nbsp;en el men\u00fa superior. Si a\u00fan as\u00ed tiene alguna duda puede usar la p\u00e1gina de&nbsp;Contacto&nbsp;para hac\u00e9rnosla llegar e intentaremos resolverla lo antes posible. Requisitos para matricularse: 1.-&nbsp;Solicitar la ficha de inscripci\u00f3n a la [&hellip;]<\/p>\n","protected":false},"author":1,"featured_media":0,"parent":0,"menu_order":0,"comment_status":"closed","ping_status":"closed","template":"","meta":{"footnotes":""},"class_list":["post-91","page","type-page","status-publish","hentry"],"yoast_head":"<!-- This site is optimized with the Yoast SEO plugin v27.4 - https:\/\/yoast.com\/product\/yoast-seo-wordpress\/ -->\n<title>Inscripci\u00f3n - Puerta a Europa<\/title>\n<meta name=\"robots\" content=\"index, follow, max-snippet:-1, max-image-preview:large, max-video-preview:-1\" \/>\n<link rel=\"canonical\" href=\"https:\/\/puertaaeuropa.com\/index.php\/inscripcion\/\" \/>\n<meta property=\"og:locale\" content=\"es_ES\" \/>\n<meta property=\"og:type\" content=\"article\" \/>\n<meta property=\"og:title\" content=\"Inscripci\u00f3n - Puerta a Europa\" \/>\n<meta property=\"og:description\" content=\"A continuaci\u00f3n se encuentra la informaci\u00f3n necesaria para la inscripci\u00f3n en nuestros cursos. Si tiene alguna duda m\u00e1s puede consultar el apartado&nbsp;Preguntas frecuentes&nbsp;en el men\u00fa superior. Si a\u00fan as\u00ed tiene alguna duda puede usar la p\u00e1gina de&nbsp;Contacto&nbsp;para hac\u00e9rnosla llegar e intentaremos resolverla lo antes posible. Requisitos para matricularse: 1.-&nbsp;Solicitar la ficha de inscripci\u00f3n a la [&hellip;]\" \/>\n<meta property=\"og:url\" content=\"https:\/\/puertaaeuropa.com\/index.php\/inscripcion\/\" \/>\n<meta property=\"og:site_name\" content=\"Puerta a Europa\" \/>\n<meta property=\"article:modified_time\" content=\"2025-09-11T10:22:01+00:00\" \/>\n<meta property=\"og:image\" content=\"https:\/\/puertaaeuropa.com\/wp-content\/uploads\/2025\/09\/banderola-puerta-a-europa.jpg\" \/>\n\t<meta property=\"og:image:width\" content=\"657\" \/>\n\t<meta property=\"og:image:height\" content=\"185\" \/>\n\t<meta property=\"og:image:type\" content=\"image\/jpeg\" \/>\n<meta name=\"twitter:card\" content=\"summary_large_image\" \/>\n<meta name=\"twitter:label1\" content=\"Tiempo de lectura\" \/>\n\t<meta name=\"twitter:data1\" content=\"4 minutos\" \/>\n<script type=\"application\/ld+json\" class=\"yoast-schema-graph\">{\"@context\":\"https:\\\/\\\/schema.org\",\"@graph\":[{\"@type\":\"WebPage\",\"@id\":\"https:\\\/\\\/puertaaeuropa.com\\\/index.php\\\/inscripcion\\\/\",\"url\":\"https:\\\/\\\/puertaaeuropa.com\\\/index.php\\\/inscripcion\\\/\",\"name\":\"Inscripci\u00f3n - Puerta a Europa\",\"isPartOf\":{\"@id\":\"https:\\\/\\\/puertaaeuropa.com\\\/#website\"},\"primaryImageOfPage\":{\"@id\":\"https:\\\/\\\/puertaaeuropa.com\\\/index.php\\\/inscripcion\\\/#primaryimage\"},\"image\":{\"@id\":\"https:\\\/\\\/puertaaeuropa.com\\\/index.php\\\/inscripcion\\\/#primaryimage\"},\"thumbnailUrl\":\"https:\\\/\\\/puertaaeuropa.com\\\/wp-content\\\/uploads\\\/2025\\\/09\\\/banderola-puerta-a-europa.jpg\",\"datePublished\":\"2024-04-29T09:13:28+00:00\",\"dateModified\":\"2025-09-11T10:22:01+00:00\",\"breadcrumb\":{\"@id\":\"https:\\\/\\\/puertaaeuropa.com\\\/index.php\\\/inscripcion\\\/#breadcrumb\"},\"inLanguage\":\"es\",\"potentialAction\":[{\"@type\":\"ReadAction\",\"target\":[\"https:\\\/\\\/puertaaeuropa.com\\\/index.php\\\/inscripcion\\\/\"]}]},{\"@type\":\"ImageObject\",\"inLanguage\":\"es\",\"@id\":\"https:\\\/\\\/puertaaeuropa.com\\\/index.php\\\/inscripcion\\\/#primaryimage\",\"url\":\"https:\\\/\\\/puertaaeuropa.com\\\/wp-content\\\/uploads\\\/2025\\\/09\\\/banderola-puerta-a-europa.jpg\",\"contentUrl\":\"https:\\\/\\\/puertaaeuropa.com\\\/wp-content\\\/uploads\\\/2025\\\/09\\\/banderola-puerta-a-europa.jpg\",\"width\":657,\"height\":185},{\"@type\":\"BreadcrumbList\",\"@id\":\"https:\\\/\\\/puertaaeuropa.com\\\/index.php\\\/inscripcion\\\/#breadcrumb\",\"itemListElement\":[{\"@type\":\"ListItem\",\"position\":1,\"name\":\"Portada\",\"item\":\"https:\\\/\\\/puertaaeuropa.com\\\/\"},{\"@type\":\"ListItem\",\"position\":2,\"name\":\"Inscripci\u00f3n\"}]},{\"@type\":\"WebSite\",\"@id\":\"https:\\\/\\\/puertaaeuropa.com\\\/#website\",\"url\":\"https:\\\/\\\/puertaaeuropa.com\\\/\",\"name\":\"Puerta a Europa\",\"description\":\"Movilidad acad&eacute;mica y profesional para Iberoam&eacute;rica, al estilo del programa Erasmus\",\"publisher\":{\"@id\":\"https:\\\/\\\/puertaaeuropa.com\\\/#organization\"},\"potentialAction\":[{\"@type\":\"SearchAction\",\"target\":{\"@type\":\"EntryPoint\",\"urlTemplate\":\"https:\\\/\\\/puertaaeuropa.com\\\/?s={search_term_string}\"},\"query-input\":{\"@type\":\"PropertyValueSpecification\",\"valueRequired\":true,\"valueName\":\"search_term_string\"}}],\"inLanguage\":\"es\"},{\"@type\":\"Organization\",\"@id\":\"https:\\\/\\\/puertaaeuropa.com\\\/#organization\",\"name\":\"Puerta a Europa\",\"url\":\"https:\\\/\\\/puertaaeuropa.com\\\/\",\"logo\":{\"@type\":\"ImageObject\",\"inLanguage\":\"es\",\"@id\":\"https:\\\/\\\/puertaaeuropa.com\\\/#\\\/schema\\\/logo\\\/image\\\/\",\"url\":\"https:\\\/\\\/puertaaeuropa.com\\\/wp-content\\\/uploads\\\/2024\\\/05\\\/logo-puerta-a-europa-peque-1.jpeg\",\"contentUrl\":\"https:\\\/\\\/puertaaeuropa.com\\\/wp-content\\\/uploads\\\/2024\\\/05\\\/logo-puerta-a-europa-peque-1.jpeg\",\"width\":504,\"height\":441,\"caption\":\"Puerta a Europa\"},\"image\":{\"@id\":\"https:\\\/\\\/puertaaeuropa.com\\\/#\\\/schema\\\/logo\\\/image\\\/\"}}]}<\/script>\n<!-- \/ Yoast SEO plugin. -->","yoast_head_json":{"title":"Inscripci\u00f3n - Puerta a Europa","robots":{"index":"index","follow":"follow","max-snippet":"max-snippet:-1","max-image-preview":"max-image-preview:large","max-video-preview":"max-video-preview:-1"},"canonical":"https:\/\/puertaaeuropa.com\/index.php\/inscripcion\/","og_locale":"es_ES","og_type":"article","og_title":"Inscripci\u00f3n - Puerta a Europa","og_description":"A continuaci\u00f3n se encuentra la informaci\u00f3n necesaria para la inscripci\u00f3n en nuestros cursos. Si tiene alguna duda m\u00e1s puede consultar el apartado&nbsp;Preguntas frecuentes&nbsp;en el men\u00fa superior. Si a\u00fan as\u00ed tiene alguna duda puede usar la p\u00e1gina de&nbsp;Contacto&nbsp;para hac\u00e9rnosla llegar e intentaremos resolverla lo antes posible. Requisitos para matricularse: 1.-&nbsp;Solicitar la ficha de inscripci\u00f3n a la [&hellip;]","og_url":"https:\/\/puertaaeuropa.com\/index.php\/inscripcion\/","og_site_name":"Puerta a Europa","article_modified_time":"2025-09-11T10:22:01+00:00","og_image":[{"width":657,"height":185,"url":"https:\/\/puertaaeuropa.com\/wp-content\/uploads\/2025\/09\/banderola-puerta-a-europa.jpg","type":"image\/jpeg"}],"twitter_card":"summary_large_image","twitter_misc":{"Tiempo de lectura":"4 minutos"},"schema":{"@context":"https:\/\/schema.org","@graph":[{"@type":"WebPage","@id":"https:\/\/puertaaeuropa.com\/index.php\/inscripcion\/","url":"https:\/\/puertaaeuropa.com\/index.php\/inscripcion\/","name":"Inscripci\u00f3n - Puerta a Europa","isPartOf":{"@id":"https:\/\/puertaaeuropa.com\/#website"},"primaryImageOfPage":{"@id":"https:\/\/puertaaeuropa.com\/index.php\/inscripcion\/#primaryimage"},"image":{"@id":"https:\/\/puertaaeuropa.com\/index.php\/inscripcion\/#primaryimage"},"thumbnailUrl":"https:\/\/puertaaeuropa.com\/wp-content\/uploads\/2025\/09\/banderola-puerta-a-europa.jpg","datePublished":"2024-04-29T09:13:28+00:00","dateModified":"2025-09-11T10:22:01+00:00","breadcrumb":{"@id":"https:\/\/puertaaeuropa.com\/index.php\/inscripcion\/#breadcrumb"},"inLanguage":"es","potentialAction":[{"@type":"ReadAction","target":["https:\/\/puertaaeuropa.com\/index.php\/inscripcion\/"]}]},{"@type":"ImageObject","inLanguage":"es","@id":"https:\/\/puertaaeuropa.com\/index.php\/inscripcion\/#primaryimage","url":"https:\/\/puertaaeuropa.com\/wp-content\/uploads\/2025\/09\/banderola-puerta-a-europa.jpg","contentUrl":"https:\/\/puertaaeuropa.com\/wp-content\/uploads\/2025\/09\/banderola-puerta-a-europa.jpg","width":657,"height":185},{"@type":"BreadcrumbList","@id":"https:\/\/puertaaeuropa.com\/index.php\/inscripcion\/#breadcrumb","itemListElement":[{"@type":"ListItem","position":1,"name":"Portada","item":"https:\/\/puertaaeuropa.com\/"},{"@type":"ListItem","position":2,"name":"Inscripci\u00f3n"}]},{"@type":"WebSite","@id":"https:\/\/puertaaeuropa.com\/#website","url":"https:\/\/puertaaeuropa.com\/","name":"Puerta a Europa","description":"Movilidad acad&eacute;mica y profesional para Iberoam&eacute;rica, al estilo del programa Erasmus","publisher":{"@id":"https:\/\/puertaaeuropa.com\/#organization"},"potentialAction":[{"@type":"SearchAction","target":{"@type":"EntryPoint","urlTemplate":"https:\/\/puertaaeuropa.com\/?s={search_term_string}"},"query-input":{"@type":"PropertyValueSpecification","valueRequired":true,"valueName":"search_term_string"}}],"inLanguage":"es"},{"@type":"Organization","@id":"https:\/\/puertaaeuropa.com\/#organization","name":"Puerta a Europa","url":"https:\/\/puertaaeuropa.com\/","logo":{"@type":"ImageObject","inLanguage":"es","@id":"https:\/\/puertaaeuropa.com\/#\/schema\/logo\/image\/","url":"https:\/\/puertaaeuropa.com\/wp-content\/uploads\/2024\/05\/logo-puerta-a-europa-peque-1.jpeg","contentUrl":"https:\/\/puertaaeuropa.com\/wp-content\/uploads\/2024\/05\/logo-puerta-a-europa-peque-1.jpeg","width":504,"height":441,"caption":"Puerta a Europa"},"image":{"@id":"https:\/\/puertaaeuropa.com\/#\/schema\/logo\/image\/"}}]}},"jetpack_sharing_enabled":true,"_links":{"self":[{"href":"https:\/\/puertaaeuropa.com\/index.php\/wp-json\/wp\/v2\/pages\/91","targetHints":{"allow":["GET"]}}],"collection":[{"href":"https:\/\/puertaaeuropa.com\/index.php\/wp-json\/wp\/v2\/pages"}],"about":[{"href":"https:\/\/puertaaeuropa.com\/index.php\/wp-json\/wp\/v2\/types\/page"}],"author":[{"embeddable":true,"href":"https:\/\/puertaaeuropa.com\/index.php\/wp-json\/wp\/v2\/users\/1"}],"replies":[{"embeddable":true,"href":"https:\/\/puertaaeuropa.com\/index.php\/wp-json\/wp\/v2\/comments?post=91"}],"version-history":[{"count":11,"href":"https:\/\/puertaaeuropa.com\/index.php\/wp-json\/wp\/v2\/pages\/91\/revisions"}],"predecessor-version":[{"id":261,"href":"https:\/\/puertaaeuropa.com\/index.php\/wp-json\/wp\/v2\/pages\/91\/revisions\/261"}],"wp:attachment":[{"href":"https:\/\/puertaaeuropa.com\/index.php\/wp-json\/wp\/v2\/media?parent=91"}],"curies":[{"name":"wp","href":"https:\/\/api.w.org\/{rel}","templated":true}]}}